{"id":536,"date":"2025-08-07T09:54:38","date_gmt":"2025-08-07T06:54:38","guid":{"rendered":"https:\/\/defolu.net\/ikinciel\/?post_type=product&#038;p=536"},"modified":"2025-08-07T09:54:38","modified_gmt":"2025-08-07T06:54:38","slug":"2-el-mdf-karyola-tek-ve-cift-kisilik-yatak-uyumlu-kolay-kurulum","status":"publish","type":"product","link":"https:\/\/defolu.net\/ikinciel\/urun\/2-el-mdf-karyola-tek-ve-cift-kisilik-yatak-uyumlu-kolay-kurulum\/","title":{"rendered":"2.El Mdf Karyola Tek Ve \u00c7ift Ki\u015filik Yatak Uyumlu, Kolay Kurulum"},"content":{"rendered":"<p>Karyola baza fark\u0131 nedir?<br \/>\nKaryola Ne Demek? Yatak Odalar\u0131na Baza Karyola Se\u00e7imi | \u0130stikbal<br \/>\nKaryola ve baza aras\u0131ndaki farklar \u015f\u00f6yle s\u0131ralanabilir: Karyolalar sadece yata\u011f\u0131 ta\u015f\u0131rken bazalar hem yata\u011f\u0131 ta\u015f\u0131r hem de depolama g\u00f6revi g\u00f6r\u00fcr. Bu da gizli bir depolama alan\u0131 yarat\u0131lmas\u0131na olanak verir. <\/p>\n<p>Karyola tak\u0131m\u0131 ne demek?<br \/>\nKaryola, yatak \u00fczerine yerle\u015ftirilen ve yata\u011f\u0131n temel destekleyici \u00e7er\u00e7evesini olu\u015fturan bir mobilya par\u00e7as\u0131d\u0131r. Karyolalar genellikle ah\u015fap veya metal malzemeden yap\u0131l\u0131r ve yata\u011f\u0131n stabil bir \u015fekilde durmas\u0131n\u0131 sa\u011flamak i\u00e7in sa\u011flam bir yap\u0131ya sahiptir.<\/p>\n","protected":false},"excerpt":{"rendered":"<p>2.El Mdf Karyola\u0130\u015f\u00e7i Konaklamalar\u0131 \u00d6zellikle yavru ranza modeli, yatak ile beraber alt\u0131nda sahip oldu\u011fu karyolas\u0131 ile \u0130\u00e7in Sa\u011flam Ranza ve Yatak Ayn\u0131 G\u00fcn Teslim! Ah\u015fap karyolalar uygun fiyat ve indirim f\u0131rsatlar\u0131yla burada. T\u0131kla, en ucuz ah\u015fap karyola aya\u011f\u0131na gelsin. 1.400 TL. \u0130stanbul, \u00dcmraniye. *10.YIL* 0532 152 57 07 TOPTAN RANZA YAYLI YATAK DOLAP<\/p>\n","protected":false},"featured_media":537,"template":"","meta":[],"product_brand":[],"product_cat":[15],"product_tag":[],"class_list":{"0":"post-536","1":"product","2":"type-product","3":"status-publish","4":"has-post-thumbnail","6":"product_cat-ikinci-el-esya","8":"first","9":"instock","10":"sale","11":"shipping-taxable","12":"purchasable","13":"product-type-simple"},"_links":{"self":[{"href":"https:\/\/defolu.net\/ikinciel\/wp-json\/wp\/v2\/product\/536","targetHints":{"allow":["GET"]}}],"collection":[{"href":"https:\/\/defolu.net\/ikinciel\/wp-json\/wp\/v2\/product"}],"about":[{"href":"https:\/\/defolu.net\/ikinciel\/wp-json\/wp\/v2\/types\/product"}],"wp:featuredmedia":[{"embeddable":true,"href":"https:\/\/defolu.net\/ikinciel\/wp-json\/wp\/v2\/media\/537"}],"wp:attachment":[{"href":"https:\/\/defolu.net\/ikinciel\/wp-json\/wp\/v2\/media?parent=536"}],"wp:term":[{"taxonomy":"product_brand","embeddable":true,"href":"https:\/\/defolu.net\/ikinciel\/wp-json\/wp\/v2\/product_brand?post=536"},{"taxonomy":"product_cat","embeddable":true,"href":"https:\/\/defolu.net\/ikinciel\/wp-json\/wp\/v2\/product_cat?post=536"},{"taxonomy":"product_tag","embeddable":true,"href":"https:\/\/defolu.net\/ikinciel\/wp-json\/wp\/v2\/product_tag?post=536"}],"curies":[{"name":"wp","href":"https:\/\/api.w.org\/{rel}","templated":true}]}}