{"id":520,"date":"2024-10-23T16:20:59","date_gmt":"2024-10-23T13:20:59","guid":{"rendered":"https:\/\/defolu.net\/ikinciel\/?post_type=product&#038;p=520"},"modified":"2024-10-23T16:20:59","modified_gmt":"2024-10-23T13:20:59","slug":"ikinci-el-dorse-kapaklari-tir-kamyon-dorse-aluminyum-arka-kapisi","status":"publish","type":"product","link":"https:\/\/defolu.net\/ikinciel\/urun\/ikinci-el-dorse-kapaklari-tir-kamyon-dorse-aluminyum-arka-kapisi\/","title":{"rendered":"\u0130kinci el dorse kapaklar\u0131 t\u0131r kamyon dorse al\u00fcminyum arka kap\u0131s\u0131"},"content":{"rendered":"<p><img loading=\"lazy\" decoding=\"async\" class=\"aligncenter size-full wp-image-523\" src=\"https:\/\/defolu.net\/ikinciel\/wp-content\/uploads\/2024\/10\/Ikinci-el-dorse-kapaklari-3.png\" alt=\"\" width=\"843\" height=\"627\" title=\"\" srcset=\"https:\/\/defolu.net\/ikinciel\/wp-content\/uploads\/2024\/10\/Ikinci-el-dorse-kapaklari-3.png 843w, https:\/\/defolu.net\/ikinciel\/wp-content\/uploads\/2024\/10\/Ikinci-el-dorse-kapaklari-3-300x223.png 300w, https:\/\/defolu.net\/ikinciel\/wp-content\/uploads\/2024\/10\/Ikinci-el-dorse-kapaklari-3-768x571.png 768w, https:\/\/defolu.net\/ikinciel\/wp-content\/uploads\/2024\/10\/Ikinci-el-dorse-kapaklari-3-160x120.png 160w, https:\/\/defolu.net\/ikinciel\/wp-content\/uploads\/2024\/10\/Ikinci-el-dorse-kapaklari-3-600x446.png 600w\" sizes=\"auto, (max-width: 843px) 100vw, 843px\" \/><\/p>\n","protected":false},"excerpt":{"rendered":"<p><strong>\u0130kinci el dorse kapaklar\u0131 Al\u00fcminyum dorse arka kap\u0131s\u0131 T\u0131rsan al\u00fcminyum<\/strong> arka kapaklar\u0131 ,\u00e7at\u0131 sistemi ve branda. TRY20,000. SATILDI Krone arka aleminyum kapak babalarla birlikte ; Al\u00fcminyum \u00e7\u0131ta boy 3.16 cm geni\u015flik 12 cm Adet \u0130lkad\u0131m. Al\u00fcminyum <strong>Al\u00fcminyum dorse arka kap\u0131s\u0131.<\/strong> TREYLER MARKET T\u00dcRK\u0130YE &#8216;nin T\u0131rsan ve Yerli marka dorseler i\u00e7in al\u00fcminyum yan kapak imalat\u0131 ve T\u0131rsan dorse en b\u00fcy\u00fck treyler ve dorse par\u00e7a ve aksesuar tedarik\u00e7isidir. SIFIR Schm\u0131tz Yan kapak #1203282179. SIFIR S<\/p>\n","protected":false},"featured_media":521,"template":"","meta":[],"product_brand":[],"product_cat":[15],"product_tag":[],"class_list":{"0":"post-520","1":"product","2":"type-product","3":"status-publish","4":"has-post-thumbnail","6":"product_cat-ikinci-el-esya","8":"first","9":"instock","10":"sale","11":"shipping-taxable","12":"purchasable","13":"product-type-simple"},"_links":{"self":[{"href":"https:\/\/defolu.net\/ikinciel\/wp-json\/wp\/v2\/product\/520","targetHints":{"allow":["GET"]}}],"collection":[{"href":"https:\/\/defolu.net\/ikinciel\/wp-json\/wp\/v2\/product"}],"about":[{"href":"https:\/\/defolu.net\/ikinciel\/wp-json\/wp\/v2\/types\/product"}],"wp:featuredmedia":[{"embeddable":true,"href":"https:\/\/defolu.net\/ikinciel\/wp-json\/wp\/v2\/media\/521"}],"wp:attachment":[{"href":"https:\/\/defolu.net\/ikinciel\/wp-json\/wp\/v2\/media?parent=520"}],"wp:term":[{"taxonomy":"product_brand","embeddable":true,"href":"https:\/\/defolu.net\/ikinciel\/wp-json\/wp\/v2\/product_brand?post=520"},{"taxonomy":"product_cat","embeddable":true,"href":"https:\/\/defolu.net\/ikinciel\/wp-json\/wp\/v2\/product_cat?post=520"},{"taxonomy":"product_tag","embeddable":true,"href":"https:\/\/defolu.net\/ikinciel\/wp-json\/wp\/v2\/product_tag?post=520"}],"curies":[{"name":"wp","href":"https:\/\/api.w.org\/{rel}","templated":true}]}}