{"id":512,"date":"2024-10-15T13:38:35","date_gmt":"2024-10-15T10:38:35","guid":{"rendered":"https:\/\/defolu.net\/ikinciel\/?post_type=product&#038;p=512"},"modified":"2024-10-15T13:39:05","modified_gmt":"2024-10-15T10:39:05","slug":"ikinci-el-trapez-sac","status":"publish","type":"product","link":"https:\/\/defolu.net\/ikinciel\/urun\/ikinci-el-trapez-sac\/","title":{"rendered":"ikinci el trapez sac kullan\u0131m esnas\u0131nda sa\u011flanan avantaj sebebiyle de\u011ferlidir"},"content":{"rendered":"<p><img loading=\"lazy\" decoding=\"async\" class=\"aligncenter size-full wp-image-515\" src=\"https:\/\/defolu.net\/ikinciel\/wp-content\/uploads\/2024\/10\/ikinci-el-trapez-sac-1.png\" alt=\"\" width=\"634\" height=\"628\" title=\"\" srcset=\"https:\/\/defolu.net\/ikinciel\/wp-content\/uploads\/2024\/10\/ikinci-el-trapez-sac-1.png 634w, https:\/\/defolu.net\/ikinciel\/wp-content\/uploads\/2024\/10\/ikinci-el-trapez-sac-1-300x297.png 300w, https:\/\/defolu.net\/ikinciel\/wp-content\/uploads\/2024\/10\/ikinci-el-trapez-sac-1-150x150.png 150w, https:\/\/defolu.net\/ikinciel\/wp-content\/uploads\/2024\/10\/ikinci-el-trapez-sac-1-600x594.png 600w, https:\/\/defolu.net\/ikinciel\/wp-content\/uploads\/2024\/10\/ikinci-el-trapez-sac-1-100x100.png 100w\" sizes=\"auto, (max-width: 634px) 100vw, 634px\" \/><\/p>\n","protected":false},"excerpt":{"rendered":"<p><strong>ikinci el trapez sac 6 METRE UZUNLU\u011eUNDA<\/strong> 2. el trapez saclar kullan\u0131m esnas\u0131nda sa\u011flanan \u00e7ok say\u0131da avantaj sebebiyle de\u011ferlidir. Trapez saclar 220&#8217;L\u0130K SATILIK DEM\u0130R BORU \u0130\u015e AYAKKABISINDA \u00d6ZEL \u0130ND\u0130R\u0130M B\u00fcy\u00fcm Kampanya ile geri d\u00f6n\u00fcyoruz Yer:\u0130stanbul- <strong><a href=\"https:\/\/tr.wikipedia.org\/wiki\/%C3%9Cmraniye\">\u00dcmraniye<\/a><\/strong> EL\u0130M\u0130ZDE MEVCUT, AZ KULLANILMI\u015e 35-40 TON ARASI DEM\u0130R BORULAR<\/p>\n<p><strong><a href=\"https:\/\/www.google.com\/search?q=Trapez+sac+%C3%B6mr%C3%BC+ne+kadard%C4%B1r%3F&amp;rlz=1C1CHZN_trTR1057TR1057&amp;oq=Trapez+sac+%C3%B6mr%C3%BC+ne+kadard%C4%B1r%3F&amp;gs_lcrp=EgZjaHJvbWUyBggAEEUYOTIICAEQABgWGB4yCggCEAAYgAQYogQyCggDEAAYgAQYogQyCggEEAAYgAQYogQyCggFEAAYgAQYogTSAQgxNTk3ajBqOagCALACAA&amp;sourceid=chrome&amp;ie=UTF-8\">Trapez sac \u00f6mr\u00fc ne kadard\u0131r?<\/a><\/strong><br \/>\nHangi ama\u00e7la kullan\u0131ld\u0131\u011f\u0131ndan ba\u011f\u0131ms\u0131z olarak 50 ila 70 y\u0131l boyunca ayn\u0131 kaliteye sahip olur. Trapez sac\u0131n \u00f6mr\u00fc, ya\u011fmur, kar, g\u00fcne\u015f gibi d\u0131\u015f etkenlere maruz kalmad\u0131\u011f\u0131 i\u00e7 mekan uygulamalar\u0131nda daha da uzar. Trapez sac, bak\u0131m\u0131 en kolay malzemelerden biridir.<\/p>\n","protected":false},"featured_media":514,"template":"","meta":[],"product_brand":[],"product_cat":[15],"product_tag":[],"class_list":{"0":"post-512","1":"product","2":"type-product","3":"status-publish","4":"has-post-thumbnail","6":"product_cat-ikinci-el-esya","8":"first","9":"instock","10":"sale","11":"shipping-taxable","12":"purchasable","13":"product-type-simple"},"_links":{"self":[{"href":"https:\/\/defolu.net\/ikinciel\/wp-json\/wp\/v2\/product\/512","targetHints":{"allow":["GET"]}}],"collection":[{"href":"https:\/\/defolu.net\/ikinciel\/wp-json\/wp\/v2\/product"}],"about":[{"href":"https:\/\/defolu.net\/ikinciel\/wp-json\/wp\/v2\/types\/product"}],"wp:featuredmedia":[{"embeddable":true,"href":"https:\/\/defolu.net\/ikinciel\/wp-json\/wp\/v2\/media\/514"}],"wp:attachment":[{"href":"https:\/\/defolu.net\/ikinciel\/wp-json\/wp\/v2\/media?parent=512"}],"wp:term":[{"taxonomy":"product_brand","embeddable":true,"href":"https:\/\/defolu.net\/ikinciel\/wp-json\/wp\/v2\/product_brand?post=512"},{"taxonomy":"product_cat","embeddable":true,"href":"https:\/\/defolu.net\/ikinciel\/wp-json\/wp\/v2\/product_cat?post=512"},{"taxonomy":"product_tag","embeddable":true,"href":"https:\/\/defolu.net\/ikinciel\/wp-json\/wp\/v2\/product_tag?post=512"}],"curies":[{"name":"wp","href":"https:\/\/api.w.org\/{rel}","templated":true}]}}