{"id":508,"date":"2024-10-10T16:15:12","date_gmt":"2024-10-10T13:15:12","guid":{"rendered":"https:\/\/defolu.net\/ikinciel\/?post_type=product&#038;p=508"},"modified":"2024-10-10T16:15:22","modified_gmt":"2024-10-10T13:15:22","slug":"32lik-su-borusu-500-metre-cikma-boru-sifir-ayarinda-sulama-borusu","status":"publish","type":"product","link":"https:\/\/defolu.net\/ikinciel\/urun\/32lik-su-borusu-500-metre-cikma-boru-sifir-ayarinda-sulama-borusu\/","title":{"rendered":"32&#8217;lik su borusu 500 metre \u00e7\u0131kma boru s\u0131f\u0131r ayar\u0131nda sulama borusu"},"content":{"rendered":"<p><strong>32&#8217;lik Kangal boru Ne Demek?<\/strong><br \/>\n1950&#8217;li y\u0131llarda geli\u015ftirilen PE 32 s\u0131n\u0131f\u0131ndaki d\u00fc\u015f\u00fck yo\u011funluklu polietilen plastik borular ilk kez i\u00e7me suyu hatlar\u0131nda kullan\u0131lm\u0131\u015ft\u0131r. Bu borular, g\u00fcn\u00fcm\u00fczde de kangal olarak \u00fcretilip i\u00e7me suyu hatlar\u0131nda kullan\u0131lmaktad\u0131r.<\/p>\n<p><img loading=\"lazy\" decoding=\"async\" class=\"aligncenter size-full wp-image-510\" src=\"https:\/\/defolu.net\/ikinciel\/wp-content\/uploads\/2024\/10\/sifir-ayarinda-sulama-borusu-2.png\" alt=\"\" width=\"899\" height=\"625\" title=\"\" srcset=\"https:\/\/defolu.net\/ikinciel\/wp-content\/uploads\/2024\/10\/sifir-ayarinda-sulama-borusu-2.png 899w, https:\/\/defolu.net\/ikinciel\/wp-content\/uploads\/2024\/10\/sifir-ayarinda-sulama-borusu-2-300x209.png 300w, https:\/\/defolu.net\/ikinciel\/wp-content\/uploads\/2024\/10\/sifir-ayarinda-sulama-borusu-2-768x534.png 768w, https:\/\/defolu.net\/ikinciel\/wp-content\/uploads\/2024\/10\/sifir-ayarinda-sulama-borusu-2-600x417.png 600w\" sizes=\"auto, (max-width: 899px) 100vw, 899px\" \/><\/p>\n","protected":false},"excerpt":{"rendered":"<p>32&#8217;lik Kangal Boru Fiyatlar\u0131 ; \u00c7a\u011flayan Mavi Kangal Boru 10 F\u0131rat 32 mm Mavi Kangal Boru Sulama Borusu 10 At\u00fc (100 Metre). 6.199,71 TL \u00b7 Kuponlu At\u00fc 32 Mm 100 Metre MAV\u0130 F\u0131rat32\/10 At\u00fc Mavi Kangal Sulama Ve I\u00e7me Suyu Borusu 32 Lik Kangal Boru \u00c7ap:32mm<\/p>\n","protected":false},"featured_media":509,"template":"","meta":[],"product_brand":[],"product_cat":[15],"product_tag":[],"class_list":{"0":"post-508","1":"product","2":"type-product","3":"status-publish","4":"has-post-thumbnail","6":"product_cat-ikinci-el-esya","8":"first","9":"instock","10":"sale","11":"shipping-taxable","12":"purchasable","13":"product-type-simple"},"_links":{"self":[{"href":"https:\/\/defolu.net\/ikinciel\/wp-json\/wp\/v2\/product\/508","targetHints":{"allow":["GET"]}}],"collection":[{"href":"https:\/\/defolu.net\/ikinciel\/wp-json\/wp\/v2\/product"}],"about":[{"href":"https:\/\/defolu.net\/ikinciel\/wp-json\/wp\/v2\/types\/product"}],"wp:featuredmedia":[{"embeddable":true,"href":"https:\/\/defolu.net\/ikinciel\/wp-json\/wp\/v2\/media\/509"}],"wp:attachment":[{"href":"https:\/\/defolu.net\/ikinciel\/wp-json\/wp\/v2\/media?parent=508"}],"wp:term":[{"taxonomy":"product_brand","embeddable":true,"href":"https:\/\/defolu.net\/ikinciel\/wp-json\/wp\/v2\/product_brand?post=508"},{"taxonomy":"product_cat","embeddable":true,"href":"https:\/\/defolu.net\/ikinciel\/wp-json\/wp\/v2\/product_cat?post=508"},{"taxonomy":"product_tag","embeddable":true,"href":"https:\/\/defolu.net\/ikinciel\/wp-json\/wp\/v2\/product_tag?post=508"}],"curies":[{"name":"wp","href":"https:\/\/api.w.org\/{rel}","templated":true}]}}