{"id":502,"date":"2024-10-05T14:44:14","date_gmt":"2024-10-05T11:44:14","guid":{"rendered":"https:\/\/defolu.net\/ikinciel\/?post_type=product&#038;p=502"},"modified":"2024-10-05T14:44:15","modified_gmt":"2024-10-05T11:44:15","slug":"cikma-tavan-tipi-park-klimasi-24v-tir-kamyon-karavan-is-makinesi-otobus-minibus","status":"publish","type":"product","link":"https:\/\/defolu.net\/ikinciel\/urun\/cikma-tavan-tipi-park-klimasi-24v-tir-kamyon-karavan-is-makinesi-otobus-minibus\/","title":{"rendered":"\u00c7\u0131kma Tavan Tipi Park Klimas\u0131 24v T\u0131r, Kamyon, Karavan, I\u015f Makinesi, Otob\u00fcs, Minib\u00fcs"},"content":{"rendered":"<h2>Karavan i\u00e7in hangi klima kullan\u0131l\u0131r? Tavan klimas\u0131<\/h2>\n<p>Klima i\u00e7in ideal bir yer \u00e7\u00fcnk\u00fc karavan\u0131n\u0131zda veya karavan\u0131n\u0131zda yer kaybetmezsiniz. Bir tavan klimas\u0131, so\u011futma sistemi ile karavan\u0131n\u0131z\u0131 veya karavan\u0131n\u0131z\u0131 h\u0131zla so\u011futur.<\/p>\n<p><strong><a href=\"https:\/\/www.google.com\/search?q=Park+klimas%C4%B1+ka%C3%A7+amper+%C3%A7eker%3F&amp;rlz=1C1CHZN_trTR1057TR1057&amp;oq=Park+klimas%C4%B1+ka%C3%A7+amper+%C3%A7eker%3F&amp;gs_lcrp=EgZjaHJvbWUyBggAEEUYOTIICAEQABgWGB4yCggCEAAYgAQYogQyCggDEAAYgAQYogQyCggEEAAYgAQYogQyCggFEAAYgAQYogQyCggGEAAYgAQYogTSAQc2MjBqMGo5qAIAsAIB&amp;sourceid=chrome&amp;ie=UTF-8\" target=\"_blank\" rel=\"noopener\">Park klimas\u0131 ka\u00e7 amper \u00e7eker?<\/a><\/strong><br \/>\npark klimas\u0131 cihaz\u0131m\u0131zda 2 marka bulunmaktad\u0131r. * DEMMON marka 24 volt tavan klimam\u0131z, montaj dahil 18.000 TL. -ak\u00fcden saatte 60 amper \u00e7eker. Tek fanl\u0131d\u0131r. 4-6 saat \u00e7al\u0131\u015fma s\u00fcresi mevcuttur.<\/p>\n","protected":false},"excerpt":{"rendered":"<p>Tavan Tipi Park Klimas\u0131 ikinci el 24v T\u0131r, Kamyon, Karavan, I\u015f Makinesi, \u00e7\u0131kma Otob\u00fcs, Minib\u00fcs 3 T\u0131kla En ucuz Tecnopoint Tavan Tipi Park Klimas\u0131 24V T\u0131r, Kamyon, Karavan, \u0130\u015f Makinesi, Tecnopoint Tavan Tipi Park Klimas\u0131 24v T\u0131r, Kamyon, Karavan, I\u015f Makinesi, Otob\u00fcs, Minib\u00fcs. (2) \u00fcr\u00fcn de\u011ferlendirme foto\u011fraf\u0131. 21.900 TL<\/p>\n<p><strong>T\u0131rlarda park klimas\u0131 nedir? T\u0131r Park Klimas\u0131\u00a0<\/strong><br \/>\nT\u0131r\u0131n\u0131z\u0131 park etti\u011finizde, park klimas\u0131 arac\u0131n motorundan ba\u011f\u0131ms\u0131z olarak \u00e7al\u0131\u015f\u0131r. Yak\u0131t t\u00fcketimi gerekmez, yanma gaz\u0131 ve ses \u00e7\u0131karmaz. Arac\u0131n elektrik sisteminden beslenir ve ak\u00fc voltaj kontrol sistemi arac\u0131 ak\u00fcn\u00fcn a\u015f\u0131r\u0131 de\u015farj\u0131na kar\u015f\u0131 korur.<\/p>\n","protected":false},"featured_media":504,"template":"","meta":[],"product_brand":[],"product_cat":[15],"product_tag":[],"class_list":{"0":"post-502","1":"product","2":"type-product","3":"status-publish","4":"has-post-thumbnail","6":"product_cat-ikinci-el-esya","8":"first","9":"instock","10":"sale","11":"shipping-taxable","12":"purchasable","13":"product-type-simple"},"_links":{"self":[{"href":"https:\/\/defolu.net\/ikinciel\/wp-json\/wp\/v2\/product\/502","targetHints":{"allow":["GET"]}}],"collection":[{"href":"https:\/\/defolu.net\/ikinciel\/wp-json\/wp\/v2\/product"}],"about":[{"href":"https:\/\/defolu.net\/ikinciel\/wp-json\/wp\/v2\/types\/product"}],"wp:featuredmedia":[{"embeddable":true,"href":"https:\/\/defolu.net\/ikinciel\/wp-json\/wp\/v2\/media\/504"}],"wp:attachment":[{"href":"https:\/\/defolu.net\/ikinciel\/wp-json\/wp\/v2\/media?parent=502"}],"wp:term":[{"taxonomy":"product_brand","embeddable":true,"href":"https:\/\/defolu.net\/ikinciel\/wp-json\/wp\/v2\/product_brand?post=502"},{"taxonomy":"product_cat","embeddable":true,"href":"https:\/\/defolu.net\/ikinciel\/wp-json\/wp\/v2\/product_cat?post=502"},{"taxonomy":"product_tag","embeddable":true,"href":"https:\/\/defolu.net\/ikinciel\/wp-json\/wp\/v2\/product_tag?post=502"}],"curies":[{"name":"wp","href":"https:\/\/api.w.org\/{rel}","templated":true}]}}