{"id":493,"date":"2024-08-27T10:52:31","date_gmt":"2024-08-27T07:52:31","guid":{"rendered":"https:\/\/defolu.net\/ikinciel\/?post_type=product&#038;p=493"},"modified":"2024-08-27T10:52:31","modified_gmt":"2024-08-27T07:52:31","slug":"teshir-dyson-cinetic-big-ball-absolute-2-elektrikli-supurge","status":"publish","type":"product","link":"https:\/\/defolu.net\/ikinciel\/urun\/teshir-dyson-cinetic-big-ball-absolute-2-elektrikli-supurge\/","title":{"rendered":"Te\u015fhir Dyson Cinetic Big Ball Absolute 2 Elektrikli S\u00fcp\u00fcrge"},"content":{"rendered":"<p><span style=\"color: #ff0000;\"><strong>Dyson Cinetic Big Ball Absolute 2 Elektrikli S\u00fcp\u00fcrge<\/strong><\/span><\/p>\n<p>Derinlemesine temizlik i\u00e7in tasarland\u0131.<br \/>\nDyson\u2019\u0131n y\u00fcksek emi\u015f g\u00fcc\u00fc<br \/>\nToz torbas\u0131z, filtre bak\u0131m\u0131 olmadan temizlik<\/p>\n<p>Kutu \u0130\u00e7eri\u011fi: Pn\u00f6matik ba\u015fl\u0131k, Karbon lifli t\u00fcrbin ba\u015fl\u0131k, Kombinasyon ba\u015fl\u0131\u011f\u0131, Merdiven ba\u015fl\u0131\u011f\u0131, Sert zemin ba\u015fl\u0131\u011f\u0131, Mini t\u00fcrbin ba\u015fl\u0131k, Dar alan temizleme ba\u015fl\u0131\u011f\u0131.<\/p>\n","protected":false},"excerpt":{"rendered":"<p>Dyson Cinetic Big Ball Absolute te\u015fhir 2 Elektrikli S\u00fcp\u00fcrge Farkl\u0131 y\u00fczeylere g\u00f6re y\u00fckseklik ve al\u00e7akl\u0131k ayar\u0131n\u0131 kendi ayarlar. Her y\u00fczeye uyum sa\u011flar. 360\u00b0 \u00d6zellikler \u00f6zelliklerini incelemek i\u00e7in hemen t\u0131kla, sen de kazananlar kul\u00fcb\u00fcne kat\u0131l Garanti 5 y\u0131l garanti \u00b7 Maksimum eri\u015fim 10.62 m \u00b7 Siklon Teknolojisi Dyson Cinetic<\/p>\n","protected":false},"featured_media":496,"template":"","meta":[],"product_brand":[],"product_cat":[30],"product_tag":[],"class_list":{"0":"post-493","1":"product","2":"type-product","3":"status-publish","4":"has-post-thumbnail","6":"product_cat-defolu-beyaz-esya","8":"first","9":"instock","10":"sale","11":"shipping-taxable","12":"purchasable","13":"product-type-simple"},"_links":{"self":[{"href":"https:\/\/defolu.net\/ikinciel\/wp-json\/wp\/v2\/product\/493","targetHints":{"allow":["GET"]}}],"collection":[{"href":"https:\/\/defolu.net\/ikinciel\/wp-json\/wp\/v2\/product"}],"about":[{"href":"https:\/\/defolu.net\/ikinciel\/wp-json\/wp\/v2\/types\/product"}],"wp:featuredmedia":[{"embeddable":true,"href":"https:\/\/defolu.net\/ikinciel\/wp-json\/wp\/v2\/media\/496"}],"wp:attachment":[{"href":"https:\/\/defolu.net\/ikinciel\/wp-json\/wp\/v2\/media?parent=493"}],"wp:term":[{"taxonomy":"product_brand","embeddable":true,"href":"https:\/\/defolu.net\/ikinciel\/wp-json\/wp\/v2\/product_brand?post=493"},{"taxonomy":"product_cat","embeddable":true,"href":"https:\/\/defolu.net\/ikinciel\/wp-json\/wp\/v2\/product_cat?post=493"},{"taxonomy":"product_tag","embeddable":true,"href":"https:\/\/defolu.net\/ikinciel\/wp-json\/wp\/v2\/product_tag?post=493"}],"curies":[{"name":"wp","href":"https:\/\/api.w.org\/{rel}","templated":true}]}}