{"id":482,"date":"2024-08-18T18:54:42","date_gmt":"2024-08-18T15:54:42","guid":{"rendered":"https:\/\/defolu.net\/ikinciel\/?post_type=product&#038;p=482"},"modified":"2024-08-18T18:54:42","modified_gmt":"2024-08-18T15:54:42","slug":"pres-tablasi-cikma-urun-saglam-tabla","status":"publish","type":"product","link":"https:\/\/defolu.net\/ikinciel\/urun\/pres-tablasi-cikma-urun-saglam-tabla\/","title":{"rendered":"Pres tablas\u0131 \u00e7\u0131kma \u00fcr\u00fcn sa\u011flam tabla"},"content":{"rendered":"<p><img loading=\"lazy\" decoding=\"async\" class=\"aligncenter size-full wp-image-483\" src=\"https:\/\/defolu.net\/ikinciel\/wp-content\/uploads\/2024\/08\/Pres-tablasi-2.png\" alt=\"\" width=\"943\" height=\"632\" title=\"\" srcset=\"https:\/\/defolu.net\/ikinciel\/wp-content\/uploads\/2024\/08\/Pres-tablasi-2.png 943w, https:\/\/defolu.net\/ikinciel\/wp-content\/uploads\/2024\/08\/Pres-tablasi-2-300x201.png 300w, https:\/\/defolu.net\/ikinciel\/wp-content\/uploads\/2024\/08\/Pres-tablasi-2-768x515.png 768w, https:\/\/defolu.net\/ikinciel\/wp-content\/uploads\/2024\/08\/Pres-tablasi-2-600x402.png 600w\" sizes=\"auto, (max-width: 943px) 100vw, 943px\" \/> <img loading=\"lazy\" decoding=\"async\" class=\"aligncenter size-full wp-image-484\" src=\"https:\/\/defolu.net\/ikinciel\/wp-content\/uploads\/2024\/08\/Pres-tablasi-1.png\" alt=\"\" width=\"967\" height=\"612\" title=\"\" srcset=\"https:\/\/defolu.net\/ikinciel\/wp-content\/uploads\/2024\/08\/Pres-tablasi-1.png 967w, https:\/\/defolu.net\/ikinciel\/wp-content\/uploads\/2024\/08\/Pres-tablasi-1-300x190.png 300w, https:\/\/defolu.net\/ikinciel\/wp-content\/uploads\/2024\/08\/Pres-tablasi-1-768x486.png 768w, https:\/\/defolu.net\/ikinciel\/wp-content\/uploads\/2024\/08\/Pres-tablasi-1-600x380.png 600w\" sizes=\"auto, (max-width: 967px) 100vw, 967px\" \/><\/p>\n","protected":false},"excerpt":{"rendered":"<p>Pres tablas\u0131 EKSANTR\u0130K PRES TABLASI Pres tezg\u00e2h\u0131nda tabla kal\u0131b\u0131n ba\u011flanmas\u0131 Pres tablas\u0131 nedir?<br \/>\nPres i\u015flemi nas\u0131l yap\u0131l\u0131r?<br \/>\nPres i\u015flemi ne demek?<br \/>\nPres t\u00fcrleri nelerdir?<br \/>\n amac\u0131 ile kullan\u0131lmaktad\u0131r. Tablalar presin g\u00f6vdesine Yedek Par\u00e7a &#038; Aksesuar end\u00fcstri makineleri uygun fiyatlarla ilan ve al\u0131\u015fveri\u015fte ilk adres<\/p>\n","protected":false},"featured_media":483,"template":"","meta":[],"product_brand":[],"product_cat":[15],"product_tag":[],"class_list":{"0":"post-482","1":"product","2":"type-product","3":"status-publish","4":"has-post-thumbnail","6":"product_cat-ikinci-el-esya","8":"first","9":"instock","10":"sale","11":"shipping-taxable","12":"purchasable","13":"product-type-simple"},"_links":{"self":[{"href":"https:\/\/defolu.net\/ikinciel\/wp-json\/wp\/v2\/product\/482","targetHints":{"allow":["GET"]}}],"collection":[{"href":"https:\/\/defolu.net\/ikinciel\/wp-json\/wp\/v2\/product"}],"about":[{"href":"https:\/\/defolu.net\/ikinciel\/wp-json\/wp\/v2\/types\/product"}],"wp:featuredmedia":[{"embeddable":true,"href":"https:\/\/defolu.net\/ikinciel\/wp-json\/wp\/v2\/media\/483"}],"wp:attachment":[{"href":"https:\/\/defolu.net\/ikinciel\/wp-json\/wp\/v2\/media?parent=482"}],"wp:term":[{"taxonomy":"product_brand","embeddable":true,"href":"https:\/\/defolu.net\/ikinciel\/wp-json\/wp\/v2\/product_brand?post=482"},{"taxonomy":"product_cat","embeddable":true,"href":"https:\/\/defolu.net\/ikinciel\/wp-json\/wp\/v2\/product_cat?post=482"},{"taxonomy":"product_tag","embeddable":true,"href":"https:\/\/defolu.net\/ikinciel\/wp-json\/wp\/v2\/product_tag?post=482"}],"curies":[{"name":"wp","href":"https:\/\/api.w.org\/{rel}","templated":true}]}}