{"id":477,"date":"2024-08-11T16:35:48","date_gmt":"2024-08-11T13:35:48","guid":{"rendered":"https:\/\/defolu.net\/ikinciel\/?post_type=product&#038;p=477"},"modified":"2024-08-11T16:35:48","modified_gmt":"2024-08-11T13:35:48","slug":"plywood-teleskopik-direk-sac-pano-iskele-ucuz-fiyata-satilik","status":"publish","type":"product","link":"https:\/\/defolu.net\/ikinciel\/urun\/plywood-teleskopik-direk-sac-pano-iskele-ucuz-fiyata-satilik\/","title":{"rendered":"PLYWOOD-TELESKOP\u0130K D\u0130REK-SA\u00c7 PANO-\u0130SKELE UCUZ F\u0130YATA SATILIK"},"content":{"rendered":"<p><img loading=\"lazy\" decoding=\"async\" src=\"https:\/\/defolu.net\/ikinciel\/wp-content\/uploads\/2024\/08\/PLYWOOD-TELESKOPIK-DIREK-SAC-PANO-ISKELE-2.png\" alt=\"\" width=\"952\" height=\"593\" class=\"aligncenter size-full wp-image-478\" title=\"\" srcset=\"https:\/\/defolu.net\/ikinciel\/wp-content\/uploads\/2024\/08\/PLYWOOD-TELESKOPIK-DIREK-SAC-PANO-ISKELE-2.png 952w, https:\/\/defolu.net\/ikinciel\/wp-content\/uploads\/2024\/08\/PLYWOOD-TELESKOPIK-DIREK-SAC-PANO-ISKELE-2-300x187.png 300w, https:\/\/defolu.net\/ikinciel\/wp-content\/uploads\/2024\/08\/PLYWOOD-TELESKOPIK-DIREK-SAC-PANO-ISKELE-2-768x478.png 768w, https:\/\/defolu.net\/ikinciel\/wp-content\/uploads\/2024\/08\/PLYWOOD-TELESKOPIK-DIREK-SAC-PANO-ISKELE-2-600x374.png 600w\" sizes=\"auto, (max-width: 952px) 100vw, 952px\" \/><\/p>\n<p><img loading=\"lazy\" decoding=\"async\" src=\"https:\/\/defolu.net\/ikinciel\/wp-content\/uploads\/2024\/08\/PLYWOOD-TELESKOPIK-DIREK-SAC-PANO-ISKELE-1.png\" alt=\"\" width=\"976\" height=\"627\" class=\"aligncenter size-full wp-image-479\" title=\"\" srcset=\"https:\/\/defolu.net\/ikinciel\/wp-content\/uploads\/2024\/08\/PLYWOOD-TELESKOPIK-DIREK-SAC-PANO-ISKELE-1.png 976w, https:\/\/defolu.net\/ikinciel\/wp-content\/uploads\/2024\/08\/PLYWOOD-TELESKOPIK-DIREK-SAC-PANO-ISKELE-1-300x193.png 300w, https:\/\/defolu.net\/ikinciel\/wp-content\/uploads\/2024\/08\/PLYWOOD-TELESKOPIK-DIREK-SAC-PANO-ISKELE-1-768x493.png 768w, https:\/\/defolu.net\/ikinciel\/wp-content\/uploads\/2024\/08\/PLYWOOD-TELESKOPIK-DIREK-SAC-PANO-ISKELE-1-600x385.png 600w\" sizes=\"auto, (max-width: 976px) 100vw, 976px\" \/><\/p>\n","protected":false},"excerpt":{"rendered":"<p>PLYWOOD-TELESKOP\u0130K D\u0130REK-SA\u00c7 PANO-\u0130SKELE TELESKOP\u0130K D\u0130REK &#8211; MASA \u0130SKELE SIFIR \u0130K\u0130NC\u0130 EL PLYWOOD &#8211; TELESKOP\u0130K D\u0130REK &#8211; SA\u00c7 PANO &#8211; \u0130SKELE &#8211; KERESTE &#8211; OSB &#8211; \u00c7\u0130ROZ &#8211; TAYROT PLYWOOD &#8211; DOKA &#8211; SAC PANO &#8211; \u0130kinci El sanayi makineleri ve end\u00fcstri ekipmanlar\u0131 uygun fiyatlar\u0131yla<\/p>\n","protected":false},"featured_media":478,"template":"","meta":[],"product_brand":[],"product_cat":[15],"product_tag":[],"class_list":{"0":"post-477","1":"product","2":"type-product","3":"status-publish","4":"has-post-thumbnail","6":"product_cat-ikinci-el-esya","8":"first","9":"instock","10":"sale","11":"shipping-taxable","12":"purchasable","13":"product-type-simple"},"_links":{"self":[{"href":"https:\/\/defolu.net\/ikinciel\/wp-json\/wp\/v2\/product\/477","targetHints":{"allow":["GET"]}}],"collection":[{"href":"https:\/\/defolu.net\/ikinciel\/wp-json\/wp\/v2\/product"}],"about":[{"href":"https:\/\/defolu.net\/ikinciel\/wp-json\/wp\/v2\/types\/product"}],"wp:featuredmedia":[{"embeddable":true,"href":"https:\/\/defolu.net\/ikinciel\/wp-json\/wp\/v2\/media\/478"}],"wp:attachment":[{"href":"https:\/\/defolu.net\/ikinciel\/wp-json\/wp\/v2\/media?parent=477"}],"wp:term":[{"taxonomy":"product_brand","embeddable":true,"href":"https:\/\/defolu.net\/ikinciel\/wp-json\/wp\/v2\/product_brand?post=477"},{"taxonomy":"product_cat","embeddable":true,"href":"https:\/\/defolu.net\/ikinciel\/wp-json\/wp\/v2\/product_cat?post=477"},{"taxonomy":"product_tag","embeddable":true,"href":"https:\/\/defolu.net\/ikinciel\/wp-json\/wp\/v2\/product_tag?post=477"}],"curies":[{"name":"wp","href":"https:\/\/api.w.org\/{rel}","templated":true}]}}