{"id":470,"date":"2024-08-06T09:18:05","date_gmt":"2024-08-06T06:18:05","guid":{"rendered":"https:\/\/defolu.net\/ikinciel\/?post_type=product&#038;p=470"},"modified":"2024-08-06T09:18:05","modified_gmt":"2024-08-06T06:18:05","slug":"outlet-bulasik-makinesi-bosch-sms44dw01t-4-programli-garantili","status":"publish","type":"product","link":"https:\/\/defolu.net\/ikinciel\/urun\/outlet-bulasik-makinesi-bosch-sms44dw01t-4-programli-garantili\/","title":{"rendered":"Outlet bula\u015f\u0131k makinesi Bosch SMS44DW01T 4 Programl\u0131 garantili"},"content":{"rendered":"<p><img loading=\"lazy\" decoding=\"async\" src=\"https:\/\/defolu.net\/ikinciel\/wp-content\/uploads\/2024\/08\/Outlet-bulasik-makinesi-Bosch-SMS44DW01T-1.png\" alt=\"\" width=\"775\" height=\"630\" class=\"aligncenter size-full wp-image-471\" title=\"\" srcset=\"https:\/\/defolu.net\/ikinciel\/wp-content\/uploads\/2024\/08\/Outlet-bulasik-makinesi-Bosch-SMS44DW01T-1.png 775w, https:\/\/defolu.net\/ikinciel\/wp-content\/uploads\/2024\/08\/Outlet-bulasik-makinesi-Bosch-SMS44DW01T-1-300x244.png 300w, https:\/\/defolu.net\/ikinciel\/wp-content\/uploads\/2024\/08\/Outlet-bulasik-makinesi-Bosch-SMS44DW01T-1-768x624.png 768w, https:\/\/defolu.net\/ikinciel\/wp-content\/uploads\/2024\/08\/Outlet-bulasik-makinesi-Bosch-SMS44DW01T-1-600x488.png 600w\" sizes=\"auto, (max-width: 775px) 100vw, 775px\" \/><\/p>\n<p><img loading=\"lazy\" decoding=\"async\" src=\"https:\/\/defolu.net\/ikinciel\/wp-content\/uploads\/2024\/08\/Outlet-bulasik-makinesi-Bosch-SMS44DW01T-2.png\" alt=\"\" width=\"812\" height=\"629\" class=\"aligncenter size-full wp-image-472\" title=\"\" srcset=\"https:\/\/defolu.net\/ikinciel\/wp-content\/uploads\/2024\/08\/Outlet-bulasik-makinesi-Bosch-SMS44DW01T-2.png 812w, https:\/\/defolu.net\/ikinciel\/wp-content\/uploads\/2024\/08\/Outlet-bulasik-makinesi-Bosch-SMS44DW01T-2-300x232.png 300w, https:\/\/defolu.net\/ikinciel\/wp-content\/uploads\/2024\/08\/Outlet-bulasik-makinesi-Bosch-SMS44DW01T-2-768x595.png 768w, https:\/\/defolu.net\/ikinciel\/wp-content\/uploads\/2024\/08\/Outlet-bulasik-makinesi-Bosch-SMS44DW01T-2-600x465.png 600w\" sizes=\"auto, (max-width: 812px) 100vw, 812px\" \/><\/p>\n","protected":false},"excerpt":{"rendered":"<p>Outlet bula\u015f\u0131k makinesi Bosch SMS44DW01T BOSCH SMS44DW01T D Enerji S\u0131n\u0131f\u0131 13 Ki\u015filik 4 Programl\u0131 Bula\u015f\u0131k Makinesi Outlet 1220013 ; Renk (\u00dcreticiye G\u00f6re). Beyaz ; Y\u00fckseklik. 87 cm ; Geni\u015flik. 66 cm.<\/p>\n","protected":false},"featured_media":472,"template":"","meta":[],"product_brand":[],"product_cat":[30],"product_tag":[36],"class_list":{"0":"post-470","1":"product","2":"type-product","3":"status-publish","4":"has-post-thumbnail","6":"product_cat-defolu-beyaz-esya","7":"product_tag-defolu-bulasik-makinesi","9":"first","10":"instock","11":"sale","12":"shipping-taxable","13":"purchasable","14":"product-type-simple"},"_links":{"self":[{"href":"https:\/\/defolu.net\/ikinciel\/wp-json\/wp\/v2\/product\/470","targetHints":{"allow":["GET"]}}],"collection":[{"href":"https:\/\/defolu.net\/ikinciel\/wp-json\/wp\/v2\/product"}],"about":[{"href":"https:\/\/defolu.net\/ikinciel\/wp-json\/wp\/v2\/types\/product"}],"wp:featuredmedia":[{"embeddable":true,"href":"https:\/\/defolu.net\/ikinciel\/wp-json\/wp\/v2\/media\/472"}],"wp:attachment":[{"href":"https:\/\/defolu.net\/ikinciel\/wp-json\/wp\/v2\/media?parent=470"}],"wp:term":[{"taxonomy":"product_brand","embeddable":true,"href":"https:\/\/defolu.net\/ikinciel\/wp-json\/wp\/v2\/product_brand?post=470"},{"taxonomy":"product_cat","embeddable":true,"href":"https:\/\/defolu.net\/ikinciel\/wp-json\/wp\/v2\/product_cat?post=470"},{"taxonomy":"product_tag","embeddable":true,"href":"https:\/\/defolu.net\/ikinciel\/wp-json\/wp\/v2\/product_tag?post=470"}],"curies":[{"name":"wp","href":"https:\/\/api.w.org\/{rel}","templated":true}]}}