{"id":466,"date":"2024-08-05T16:43:20","date_gmt":"2024-08-05T13:43:20","guid":{"rendered":"https:\/\/defolu.net\/ikinciel\/?post_type=product&#038;p=466"},"modified":"2024-08-05T16:43:21","modified_gmt":"2024-08-05T13:43:21","slug":"2-el-plazma-metal-kesici-sanayi-makineleri-makine-imalatcilari-ve-alim-satim","status":"publish","type":"product","link":"https:\/\/defolu.net\/ikinciel\/urun\/2-el-plazma-metal-kesici-sanayi-makineleri-makine-imalatcilari-ve-alim-satim\/","title":{"rendered":"2 el plazma metal kesici sanayi makineleri, makine imalat\u00e7\u0131lar\u0131 ve al\u0131m sat\u0131m"},"content":{"rendered":"<p><img loading=\"lazy\" decoding=\"async\" src=\"https:\/\/defolu.net\/ikinciel\/wp-content\/uploads\/2024\/08\/2-el-plazma-metal-kesici-3.png\" alt=\"\" width=\"983\" height=\"629\" class=\"aligncenter size-full wp-image-467\" title=\"\" srcset=\"https:\/\/defolu.net\/ikinciel\/wp-content\/uploads\/2024\/08\/2-el-plazma-metal-kesici-3.png 983w, https:\/\/defolu.net\/ikinciel\/wp-content\/uploads\/2024\/08\/2-el-plazma-metal-kesici-3-300x192.png 300w, https:\/\/defolu.net\/ikinciel\/wp-content\/uploads\/2024\/08\/2-el-plazma-metal-kesici-3-768x491.png 768w, https:\/\/defolu.net\/ikinciel\/wp-content\/uploads\/2024\/08\/2-el-plazma-metal-kesici-3-600x384.png 600w\" sizes=\"auto, (max-width: 983px) 100vw, 983px\" \/><\/p>\n<p><img loading=\"lazy\" decoding=\"async\" src=\"https:\/\/defolu.net\/ikinciel\/wp-content\/uploads\/2024\/08\/2-el-plazma-metal-kesici-1.png\" alt=\"\" width=\"989\" height=\"630\" class=\"aligncenter size-full wp-image-468\" title=\"\" srcset=\"https:\/\/defolu.net\/ikinciel\/wp-content\/uploads\/2024\/08\/2-el-plazma-metal-kesici-1.png 989w, https:\/\/defolu.net\/ikinciel\/wp-content\/uploads\/2024\/08\/2-el-plazma-metal-kesici-1-300x191.png 300w, https:\/\/defolu.net\/ikinciel\/wp-content\/uploads\/2024\/08\/2-el-plazma-metal-kesici-1-768x489.png 768w, https:\/\/defolu.net\/ikinciel\/wp-content\/uploads\/2024\/08\/2-el-plazma-metal-kesici-1-600x382.png 600w\" sizes=\"auto, (max-width: 989px) 100vw, 989px\" \/><\/p>\n<p><img loading=\"lazy\" decoding=\"async\" src=\"https:\/\/defolu.net\/ikinciel\/wp-content\/uploads\/2024\/08\/2-el-plazma-metal-kesici-2.png\" alt=\"\" width=\"657\" height=\"627\" class=\"aligncenter size-full wp-image-469\" title=\"\" srcset=\"https:\/\/defolu.net\/ikinciel\/wp-content\/uploads\/2024\/08\/2-el-plazma-metal-kesici-2.png 657w, https:\/\/defolu.net\/ikinciel\/wp-content\/uploads\/2024\/08\/2-el-plazma-metal-kesici-2-300x286.png 300w, https:\/\/defolu.net\/ikinciel\/wp-content\/uploads\/2024\/08\/2-el-plazma-metal-kesici-2-600x573.png 600w\" sizes=\"auto, (max-width: 657px) 100vw, 657px\" \/><\/p>\n","protected":false},"excerpt":{"rendered":"<p>2 el plazma metal kesici makine sat\u0131c\u0131lar\u0131ndan sat\u0131l\u0131k Sahibinden s\u0131f\u0131r ve ikinci el sanayi makineleri, makine imalat\u00e7\u0131lar\u0131 ve al\u0131m sat\u0131m\u0131 yapan firmalar\u0131n 2.el Plazma Kesim (Ta\u015f\u0131nabilir) Plazma Kesme Makinesi. Plazma kesim i\u015flemi, y\u00fcksek h\u0131zl\u0131 ve s\u0131cak plazman\u0131n makinesi ilanlar\u0131 ve fiyatlar\u0131 bu sayfadad\u0131r<\/p>\n","protected":false},"featured_media":468,"template":"","meta":[],"product_brand":[],"product_cat":[15],"product_tag":[],"class_list":{"0":"post-466","1":"product","2":"type-product","3":"status-publish","4":"has-post-thumbnail","6":"product_cat-ikinci-el-esya","8":"first","9":"instock","10":"sale","11":"shipping-taxable","12":"purchasable","13":"product-type-simple"},"_links":{"self":[{"href":"https:\/\/defolu.net\/ikinciel\/wp-json\/wp\/v2\/product\/466","targetHints":{"allow":["GET"]}}],"collection":[{"href":"https:\/\/defolu.net\/ikinciel\/wp-json\/wp\/v2\/product"}],"about":[{"href":"https:\/\/defolu.net\/ikinciel\/wp-json\/wp\/v2\/types\/product"}],"wp:featuredmedia":[{"embeddable":true,"href":"https:\/\/defolu.net\/ikinciel\/wp-json\/wp\/v2\/media\/468"}],"wp:attachment":[{"href":"https:\/\/defolu.net\/ikinciel\/wp-json\/wp\/v2\/media?parent=466"}],"wp:term":[{"taxonomy":"product_brand","embeddable":true,"href":"https:\/\/defolu.net\/ikinciel\/wp-json\/wp\/v2\/product_brand?post=466"},{"taxonomy":"product_cat","embeddable":true,"href":"https:\/\/defolu.net\/ikinciel\/wp-json\/wp\/v2\/product_cat?post=466"},{"taxonomy":"product_tag","embeddable":true,"href":"https:\/\/defolu.net\/ikinciel\/wp-json\/wp\/v2\/product_tag?post=466"}],"curies":[{"name":"wp","href":"https:\/\/api.w.org\/{rel}","templated":true}]}}