{"id":461,"date":"2024-08-05T16:39:39","date_gmt":"2024-08-05T13:39:39","guid":{"rendered":"https:\/\/defolu.net\/ikinciel\/?post_type=product&#038;p=461"},"modified":"2024-08-05T16:39:39","modified_gmt":"2024-08-05T13:39:39","slug":"cim-hali-parcalari-cikma-cim-halilar-ikinci-el-temiz-cim-hali","status":"publish","type":"product","link":"https:\/\/defolu.net\/ikinciel\/urun\/cim-hali-parcalari-cikma-cim-halilar-ikinci-el-temiz-cim-hali\/","title":{"rendered":"\u00c7im hal\u0131 par\u00e7alar\u0131 \u00e7\u0131kma \u00e7im hal\u0131lar ikinci el temiz \u00e7im hal\u0131"},"content":{"rendered":"<p><img loading=\"lazy\" decoding=\"async\" src=\"https:\/\/defolu.net\/ikinciel\/wp-content\/uploads\/2024\/08\/Cim-hali-parcalari-cikma-cim-halilar-4.png\" alt=\"\" width=\"987\" height=\"631\" class=\"aligncenter size-full wp-image-462\" title=\"\" srcset=\"https:\/\/defolu.net\/ikinciel\/wp-content\/uploads\/2024\/08\/Cim-hali-parcalari-cikma-cim-halilar-4.png 987w, https:\/\/defolu.net\/ikinciel\/wp-content\/uploads\/2024\/08\/Cim-hali-parcalari-cikma-cim-halilar-4-300x192.png 300w, https:\/\/defolu.net\/ikinciel\/wp-content\/uploads\/2024\/08\/Cim-hali-parcalari-cikma-cim-halilar-4-768x491.png 768w, https:\/\/defolu.net\/ikinciel\/wp-content\/uploads\/2024\/08\/Cim-hali-parcalari-cikma-cim-halilar-4-600x384.png 600w\" sizes=\"auto, (max-width: 987px) 100vw, 987px\" \/><\/p>\n<p><img loading=\"lazy\" decoding=\"async\" src=\"https:\/\/defolu.net\/ikinciel\/wp-content\/uploads\/2024\/08\/Cim-hali-parcalari-cikma-cim-halilar-1.png\" alt=\"\" width=\"979\" height=\"624\" class=\"aligncenter size-full wp-image-463\" title=\"\" srcset=\"https:\/\/defolu.net\/ikinciel\/wp-content\/uploads\/2024\/08\/Cim-hali-parcalari-cikma-cim-halilar-1.png 979w, https:\/\/defolu.net\/ikinciel\/wp-content\/uploads\/2024\/08\/Cim-hali-parcalari-cikma-cim-halilar-1-300x191.png 300w, https:\/\/defolu.net\/ikinciel\/wp-content\/uploads\/2024\/08\/Cim-hali-parcalari-cikma-cim-halilar-1-768x490.png 768w, https:\/\/defolu.net\/ikinciel\/wp-content\/uploads\/2024\/08\/Cim-hali-parcalari-cikma-cim-halilar-1-600x382.png 600w\" sizes=\"auto, (max-width: 979px) 100vw, 979px\" \/><\/p>\n<p><img loading=\"lazy\" decoding=\"async\" src=\"https:\/\/defolu.net\/ikinciel\/wp-content\/uploads\/2024\/08\/Cim-hali-parcalari-cikma-cim-halilar-2.png\" alt=\"\" width=\"984\" height=\"629\" class=\"aligncenter size-full wp-image-464\" title=\"\" srcset=\"https:\/\/defolu.net\/ikinciel\/wp-content\/uploads\/2024\/08\/Cim-hali-parcalari-cikma-cim-halilar-2.png 984w, https:\/\/defolu.net\/ikinciel\/wp-content\/uploads\/2024\/08\/Cim-hali-parcalari-cikma-cim-halilar-2-300x192.png 300w, https:\/\/defolu.net\/ikinciel\/wp-content\/uploads\/2024\/08\/Cim-hali-parcalari-cikma-cim-halilar-2-768x491.png 768w, https:\/\/defolu.net\/ikinciel\/wp-content\/uploads\/2024\/08\/Cim-hali-parcalari-cikma-cim-halilar-2-600x384.png 600w\" sizes=\"auto, (max-width: 984px) 100vw, 984px\" \/><\/p>\n<p><img loading=\"lazy\" decoding=\"async\" src=\"https:\/\/defolu.net\/ikinciel\/wp-content\/uploads\/2024\/08\/Cim-hali-parcalari-cikma-cim-halilar-3.png\" alt=\"\" width=\"985\" height=\"629\" class=\"aligncenter size-full wp-image-465\" title=\"\" srcset=\"https:\/\/defolu.net\/ikinciel\/wp-content\/uploads\/2024\/08\/Cim-hali-parcalari-cikma-cim-halilar-3.png 985w, https:\/\/defolu.net\/ikinciel\/wp-content\/uploads\/2024\/08\/Cim-hali-parcalari-cikma-cim-halilar-3-300x192.png 300w, https:\/\/defolu.net\/ikinciel\/wp-content\/uploads\/2024\/08\/Cim-hali-parcalari-cikma-cim-halilar-3-768x490.png 768w, https:\/\/defolu.net\/ikinciel\/wp-content\/uploads\/2024\/08\/Cim-hali-parcalari-cikma-cim-halilar-3-600x383.png 600w\" sizes=\"auto, (max-width: 985px) 100vw, 985px\" \/><\/p>\n","protected":false},"excerpt":{"rendered":"<p>\u00c7im hal\u0131 par\u00e7alar\u0131 \u00e7\u0131kma \u00e7im hal\u0131lar Do\u011fal \u00e7imlere \u00c7im Hal\u0131 fiyatlar\u0131, \u00e7im hal\u0131 modelleri, \u00e7im hal\u0131 \u00e7e\u015fitleri uygun fiyatlar alternatif olarak \u00fcretilen yapay \u00e7im hal\u0131 modelleri dekoratif ama\u00e7l\u0131 \u00c7im hal\u0131 \u00f6mr\u00fc ne kadard\u0131r?<br \/>\n\u00c7im hal\u0131 temizli\u011fi nas\u0131l olmal\u0131?<br \/>\n\u00c7im hal\u0131n\u0131n alt\u0131na ne konur?<br \/>\n kullan\u0131l\u0131r. \u00c7o\u011funlukla balkon ve teraslarda tercih edilen hal\u0131lar bah\u00e7e<\/p>\n","protected":false},"featured_media":464,"template":"","meta":[],"product_brand":[],"product_cat":[15],"product_tag":[],"class_list":{"0":"post-461","1":"product","2":"type-product","3":"status-publish","4":"has-post-thumbnail","6":"product_cat-ikinci-el-esya","8":"first","9":"instock","10":"sale","11":"shipping-taxable","12":"purchasable","13":"product-type-simple"},"_links":{"self":[{"href":"https:\/\/defolu.net\/ikinciel\/wp-json\/wp\/v2\/product\/461","targetHints":{"allow":["GET"]}}],"collection":[{"href":"https:\/\/defolu.net\/ikinciel\/wp-json\/wp\/v2\/product"}],"about":[{"href":"https:\/\/defolu.net\/ikinciel\/wp-json\/wp\/v2\/types\/product"}],"wp:featuredmedia":[{"embeddable":true,"href":"https:\/\/defolu.net\/ikinciel\/wp-json\/wp\/v2\/media\/464"}],"wp:attachment":[{"href":"https:\/\/defolu.net\/ikinciel\/wp-json\/wp\/v2\/media?parent=461"}],"wp:term":[{"taxonomy":"product_brand","embeddable":true,"href":"https:\/\/defolu.net\/ikinciel\/wp-json\/wp\/v2\/product_brand?post=461"},{"taxonomy":"product_cat","embeddable":true,"href":"https:\/\/defolu.net\/ikinciel\/wp-json\/wp\/v2\/product_cat?post=461"},{"taxonomy":"product_tag","embeddable":true,"href":"https:\/\/defolu.net\/ikinciel\/wp-json\/wp\/v2\/product_tag?post=461"}],"curies":[{"name":"wp","href":"https:\/\/api.w.org\/{rel}","templated":true}]}}