{"id":451,"date":"2024-08-05T16:31:22","date_gmt":"2024-08-05T13:31:22","guid":{"rendered":"https:\/\/defolu.net\/ikinciel\/?post_type=product&#038;p=451"},"modified":"2024-08-05T16:31:22","modified_gmt":"2024-08-05T13:31:22","slug":"teshir-fabrikadan-defolu-dyson-v8-kablosuz-supurge","status":"publish","type":"product","link":"https:\/\/defolu.net\/ikinciel\/urun\/teshir-fabrikadan-defolu-dyson-v8-kablosuz-supurge\/","title":{"rendered":"Te\u015fhir fabrikadan defolu Dyson V8&#x2122; Kablosuz S\u00fcp\u00fcrge"},"content":{"rendered":"<p><img loading=\"lazy\" decoding=\"async\" src=\"https:\/\/defolu.net\/ikinciel\/wp-content\/uploads\/2024\/08\/defolu-Dyson-V8&#x2122;-Kablosuz-Supurge-1.png\" alt=\"\" width=\"821\" height=\"626\" class=\"aligncenter size-full wp-image-452\" title=\"\"><\/p>\n<p><img loading=\"lazy\" decoding=\"async\" src=\"https:\/\/defolu.net\/ikinciel\/wp-content\/uploads\/2024\/08\/defolu-Dyson-V8&#x2122;-Kablosuz-Supurge-2.png\" alt=\"\" width=\"734\" height=\"558\" class=\"aligncenter size-full wp-image-453\" title=\"\"><\/p>\n<p><img loading=\"lazy\" decoding=\"async\" src=\"https:\/\/defolu.net\/ikinciel\/wp-content\/uploads\/2024\/08\/defolu-Dyson-V8&#x2122;-Kablosuz-Supurge-3.png\" alt=\"\" width=\"735\" height=\"571\" class=\"aligncenter size-full wp-image-454\" title=\"\"><\/p>\n<p><img loading=\"lazy\" decoding=\"async\" src=\"https:\/\/defolu.net\/ikinciel\/wp-content\/uploads\/2024\/08\/defolu-Dyson-V8&#x2122;-Kablosuz-Supurge-4.png\" alt=\"\" width=\"733\" height=\"577\" class=\"aligncenter size-full wp-image-455\" title=\"\"><\/p>\n","protected":false},"excerpt":{"rendered":"<p>defolu Dyson V8&#x2122; Kablosuz S\u00fcp\u00fcrge Dyson V8 Absolute. 9.500 TL. Ankara, outlet \u00fcr\u00fcnlerini \u00e7e\u015fitli kategorilerde ve y\u00fczlerce \u00fcr\u00fcnde inceleyin. outlet \u00c7ankaya. DYSON MA\u015eA DYSON MA\u015eA SOYLU Dyson V8 Absolute (Gumus\/Nikel) (Outlet-Kullan\u0131lm\u0131s). pttavm &#8230; Dyson V8 elektrikli s\u00fcp\u00fcrge kablosuz \u0130LET\u0130\u015e\u0130M DYSON CORALLE KABLOSUZ<\/p>\n","protected":false},"featured_media":454,"template":"","meta":[],"product_brand":[],"product_cat":[31,30],"product_tag":[35],"class_list":{"0":"post-451","1":"product","2":"type-product","3":"status-publish","4":"has-post-thumbnail","6":"product_cat-defolu-esya","7":"product_cat-defolu-beyaz-esya","8":"product_tag-defolu-elektrikli-supurge","10":"first","11":"instock","12":"sale","13":"shipping-taxable","14":"purchasable","15":"product-type-simple"},"_links":{"self":[{"href":"https:\/\/defolu.net\/ikinciel\/wp-json\/wp\/v2\/product\/451","targetHints":{"allow":["GET"]}}],"collection":[{"href":"https:\/\/defolu.net\/ikinciel\/wp-json\/wp\/v2\/product"}],"about":[{"href":"https:\/\/defolu.net\/ikinciel\/wp-json\/wp\/v2\/types\/product"}],"wp:featuredmedia":[{"embeddable":true,"href":"https:\/\/defolu.net\/ikinciel\/wp-json\/wp\/v2\/media\/454"}],"wp:attachment":[{"href":"https:\/\/defolu.net\/ikinciel\/wp-json\/wp\/v2\/media?parent=451"}],"wp:term":[{"taxonomy":"product_brand","embeddable":true,"href":"https:\/\/defolu.net\/ikinciel\/wp-json\/wp\/v2\/product_brand?post=451"},{"taxonomy":"product_cat","embeddable":true,"href":"https:\/\/defolu.net\/ikinciel\/wp-json\/wp\/v2\/product_cat?post=451"},{"taxonomy":"product_tag","embeddable":true,"href":"https:\/\/defolu.net\/ikinciel\/wp-json\/wp\/v2\/product_tag?post=451"}],"curies":[{"name":"wp","href":"https:\/\/api.w.org\/{rel}","templated":true}]}}