{"id":447,"date":"2024-08-05T16:27:35","date_gmt":"2024-08-05T13:27:35","guid":{"rendered":"https:\/\/defolu.net\/ikinciel\/?post_type=product&#038;p=447"},"modified":"2024-08-05T16:27:35","modified_gmt":"2024-08-05T13:27:35","slug":"outlet-philips-toz-torbasiz-supurge-4000-tl","status":"publish","type":"product","link":"https:\/\/defolu.net\/ikinciel\/urun\/outlet-philips-toz-torbasiz-supurge-4000-tl\/","title":{"rendered":"Outlet Philips Toz Torbas\u0131z S\u00fcp\u00fcrge 4000 TL"},"content":{"rendered":"<p><img loading=\"lazy\" decoding=\"async\" src=\"https:\/\/defolu.net\/ikinciel\/wp-content\/uploads\/2024\/08\/Outlet-Philips-Toz-Torbasiz-Supurge-2.png\" alt=\"\" width=\"680\" height=\"630\" class=\"aligncenter size-full wp-image-448\" title=\"\" srcset=\"https:\/\/defolu.net\/ikinciel\/wp-content\/uploads\/2024\/08\/Outlet-Philips-Toz-Torbasiz-Supurge-2.png 680w, https:\/\/defolu.net\/ikinciel\/wp-content\/uploads\/2024\/08\/Outlet-Philips-Toz-Torbasiz-Supurge-2-300x278.png 300w, https:\/\/defolu.net\/ikinciel\/wp-content\/uploads\/2024\/08\/Outlet-Philips-Toz-Torbasiz-Supurge-2-600x556.png 600w\" sizes=\"auto, (max-width: 680px) 100vw, 680px\" \/><\/p>\n<p><img loading=\"lazy\" decoding=\"async\" src=\"https:\/\/defolu.net\/ikinciel\/wp-content\/uploads\/2024\/08\/Outlet-Philips-Toz-Torbasiz-Supurge-3.png\" alt=\"\" width=\"956\" height=\"629\" class=\"aligncenter size-full wp-image-449\" title=\"\" srcset=\"https:\/\/defolu.net\/ikinciel\/wp-content\/uploads\/2024\/08\/Outlet-Philips-Toz-Torbasiz-Supurge-3.png 956w, https:\/\/defolu.net\/ikinciel\/wp-content\/uploads\/2024\/08\/Outlet-Philips-Toz-Torbasiz-Supurge-3-300x197.png 300w, https:\/\/defolu.net\/ikinciel\/wp-content\/uploads\/2024\/08\/Outlet-Philips-Toz-Torbasiz-Supurge-3-768x505.png 768w, https:\/\/defolu.net\/ikinciel\/wp-content\/uploads\/2024\/08\/Outlet-Philips-Toz-Torbasiz-Supurge-3-600x395.png 600w\" sizes=\"auto, (max-width: 956px) 100vw, 956px\" \/><\/p>\n<p><img loading=\"lazy\" decoding=\"async\" src=\"https:\/\/defolu.net\/ikinciel\/wp-content\/uploads\/2024\/08\/Outlet-Philips-Toz-Torbasiz-Supurge-1.png\" alt=\"\" width=\"682\" height=\"632\" class=\"aligncenter size-full wp-image-450\" title=\"\" srcset=\"https:\/\/defolu.net\/ikinciel\/wp-content\/uploads\/2024\/08\/Outlet-Philips-Toz-Torbasiz-Supurge-1.png 682w, https:\/\/defolu.net\/ikinciel\/wp-content\/uploads\/2024\/08\/Outlet-Philips-Toz-Torbasiz-Supurge-1-300x278.png 300w, https:\/\/defolu.net\/ikinciel\/wp-content\/uploads\/2024\/08\/Outlet-Philips-Toz-Torbasiz-Supurge-1-600x556.png 600w\" sizes=\"auto, (max-width: 682px) 100vw, 682px\" \/><\/p>\n","protected":false},"excerpt":{"rendered":"<p>Outlet Philips Toz Torbas\u0131z S\u00fcp\u00fcrge Triactive Ultra Led Philips torbas\u0131z elektrikli s\u00fcp\u00fcrge \u00fcr\u00fcnlerini ke\u015ffedin. Bu torbas\u0131z elektrikli s\u00fcp\u00fcrge ihtiya\u00e7lar\u0131n\u0131z\u0131 nas\u0131l kar\u015f\u0131l\u0131yor \u00f6\u011frenin Ba\u015fl\u0131k; T\u00fcm Zeminlerde \u00c7eki\u015f Ile En Iyi Temizlik Performans\u0131 Sunar.<\/p>\n","protected":false},"featured_media":449,"template":"","meta":[],"product_brand":[],"product_cat":[30],"product_tag":[35],"class_list":{"0":"post-447","1":"product","2":"type-product","3":"status-publish","4":"has-post-thumbnail","6":"product_cat-defolu-beyaz-esya","7":"product_tag-defolu-elektrikli-supurge","9":"first","10":"instock","11":"sale","12":"shipping-taxable","13":"purchasable","14":"product-type-simple"},"_links":{"self":[{"href":"https:\/\/defolu.net\/ikinciel\/wp-json\/wp\/v2\/product\/447","targetHints":{"allow":["GET"]}}],"collection":[{"href":"https:\/\/defolu.net\/ikinciel\/wp-json\/wp\/v2\/product"}],"about":[{"href":"https:\/\/defolu.net\/ikinciel\/wp-json\/wp\/v2\/types\/product"}],"wp:featuredmedia":[{"embeddable":true,"href":"https:\/\/defolu.net\/ikinciel\/wp-json\/wp\/v2\/media\/449"}],"wp:attachment":[{"href":"https:\/\/defolu.net\/ikinciel\/wp-json\/wp\/v2\/media?parent=447"}],"wp:term":[{"taxonomy":"product_brand","embeddable":true,"href":"https:\/\/defolu.net\/ikinciel\/wp-json\/wp\/v2\/product_brand?post=447"},{"taxonomy":"product_cat","embeddable":true,"href":"https:\/\/defolu.net\/ikinciel\/wp-json\/wp\/v2\/product_cat?post=447"},{"taxonomy":"product_tag","embeddable":true,"href":"https:\/\/defolu.net\/ikinciel\/wp-json\/wp\/v2\/product_tag?post=447"}],"curies":[{"name":"wp","href":"https:\/\/api.w.org\/{rel}","templated":true}]}}