{"id":443,"date":"2024-08-05T13:04:29","date_gmt":"2024-08-05T10:04:29","guid":{"rendered":"https:\/\/defolu.net\/ikinciel\/?post_type=product&#038;p=443"},"modified":"2024-08-05T13:04:29","modified_gmt":"2024-08-05T10:04:29","slug":"defolu-bosch-1200-devir-10-kg-camasir-makinesi-17000-tl","status":"publish","type":"product","link":"https:\/\/defolu.net\/ikinciel\/urun\/defolu-bosch-1200-devir-10-kg-camasir-makinesi-17000-tl\/","title":{"rendered":"Defolu Bosch 1200 Devir 10 kg \u00c7ama\u015f\u0131r Makinesi 17000 TL"},"content":{"rendered":"<p><img loading=\"lazy\" decoding=\"async\" src=\"https:\/\/defolu.net\/ikinciel\/wp-content\/uploads\/2024\/08\/Defolu-Bosch-1200-Devir-10-kg-Camasir-Makinesi-2.png\" alt=\"\" width=\"960\" height=\"590\" class=\"aligncenter size-full wp-image-444\" title=\"\" srcset=\"https:\/\/defolu.net\/ikinciel\/wp-content\/uploads\/2024\/08\/Defolu-Bosch-1200-Devir-10-kg-Camasir-Makinesi-2.png 960w, https:\/\/defolu.net\/ikinciel\/wp-content\/uploads\/2024\/08\/Defolu-Bosch-1200-Devir-10-kg-Camasir-Makinesi-2-300x184.png 300w, https:\/\/defolu.net\/ikinciel\/wp-content\/uploads\/2024\/08\/Defolu-Bosch-1200-Devir-10-kg-Camasir-Makinesi-2-768x472.png 768w, https:\/\/defolu.net\/ikinciel\/wp-content\/uploads\/2024\/08\/Defolu-Bosch-1200-Devir-10-kg-Camasir-Makinesi-2-600x369.png 600w\" sizes=\"auto, (max-width: 960px) 100vw, 960px\" \/><\/p>\n<p><img loading=\"lazy\" decoding=\"async\" src=\"https:\/\/defolu.net\/ikinciel\/wp-content\/uploads\/2024\/08\/Defolu-Bosch-1200-Devir-10-kg-Camasir-Makinesi-3.png\" alt=\"\" width=\"598\" height=\"602\" class=\"aligncenter size-full wp-image-445\" title=\"\" srcset=\"https:\/\/defolu.net\/ikinciel\/wp-content\/uploads\/2024\/08\/Defolu-Bosch-1200-Devir-10-kg-Camasir-Makinesi-3.png 598w, https:\/\/defolu.net\/ikinciel\/wp-content\/uploads\/2024\/08\/Defolu-Bosch-1200-Devir-10-kg-Camasir-Makinesi-3-298x300.png 298w, https:\/\/defolu.net\/ikinciel\/wp-content\/uploads\/2024\/08\/Defolu-Bosch-1200-Devir-10-kg-Camasir-Makinesi-3-150x150.png 150w, https:\/\/defolu.net\/ikinciel\/wp-content\/uploads\/2024\/08\/Defolu-Bosch-1200-Devir-10-kg-Camasir-Makinesi-3-100x100.png 100w\" sizes=\"auto, (max-width: 598px) 100vw, 598px\" \/><\/p>\n<p><img loading=\"lazy\" decoding=\"async\" src=\"https:\/\/defolu.net\/ikinciel\/wp-content\/uploads\/2024\/08\/Defolu-Bosch-1200-Devir-10-kg-Camasir-Makinesi-1.png\" alt=\"\" width=\"817\" height=\"627\" class=\"aligncenter size-full wp-image-446\" title=\"\" srcset=\"https:\/\/defolu.net\/ikinciel\/wp-content\/uploads\/2024\/08\/Defolu-Bosch-1200-Devir-10-kg-Camasir-Makinesi-1.png 817w, https:\/\/defolu.net\/ikinciel\/wp-content\/uploads\/2024\/08\/Defolu-Bosch-1200-Devir-10-kg-Camasir-Makinesi-1-300x230.png 300w, https:\/\/defolu.net\/ikinciel\/wp-content\/uploads\/2024\/08\/Defolu-Bosch-1200-Devir-10-kg-Camasir-Makinesi-1-768x589.png 768w, https:\/\/defolu.net\/ikinciel\/wp-content\/uploads\/2024\/08\/Defolu-Bosch-1200-Devir-10-kg-Camasir-Makinesi-1-600x460.png 600w\" sizes=\"auto, (max-width: 817px) 100vw, 817px\" \/><\/p>\n","protected":false},"excerpt":{"rendered":"<p>Defolu Bosch 1200 Devir 10 kg \u00c7ama\u015f\u0131r Makinesi \u00c7ama\u015f\u0131r makinesi 1200 Devir iyi mi?<br \/>\n1200 devirde \u00e7ama\u015f\u0131r y\u0131kan\u0131r m\u0131? Kapasite10 kg bosch wga252x0tr a+++ 1200 devir 10 kg \u00e7ama\u015f\u0131r makinesi yorumlar\u0131<br \/>\nbosch serie 6 \u00e7ama\u015f\u0131r makinesi 10 kg 1200 devir a+++<br \/>\nbosch serie 4 \u00e7ama\u015f\u0131r makinesi 10 kg 1200 devir a+++ kullan\u0131m Kapasite 9 kg \u00b7 Enerji S\u0131n\u0131f\u0131 A+++ \u00b7 Enerji S\u0131n\u0131f\u0131 A \u00b7 Fiyat\u0131<br \/>\nBosch \u00e7ama\u015f\u0131r makinesi 1200 devir m\u0131 1400 devir m\u0131?<br \/>\nBosch IDOS ne demek?<\/p>\n","protected":false},"featured_media":444,"template":"","meta":[],"product_brand":[],"product_cat":[30],"product_tag":[34],"class_list":{"0":"post-443","1":"product","2":"type-product","3":"status-publish","4":"has-post-thumbnail","6":"product_cat-defolu-beyaz-esya","7":"product_tag-defolu-camasir-makinesi","9":"first","10":"instock","11":"sale","12":"shipping-taxable","13":"purchasable","14":"product-type-simple"},"_links":{"self":[{"href":"https:\/\/defolu.net\/ikinciel\/wp-json\/wp\/v2\/product\/443","targetHints":{"allow":["GET"]}}],"collection":[{"href":"https:\/\/defolu.net\/ikinciel\/wp-json\/wp\/v2\/product"}],"about":[{"href":"https:\/\/defolu.net\/ikinciel\/wp-json\/wp\/v2\/types\/product"}],"wp:featuredmedia":[{"embeddable":true,"href":"https:\/\/defolu.net\/ikinciel\/wp-json\/wp\/v2\/media\/444"}],"wp:attachment":[{"href":"https:\/\/defolu.net\/ikinciel\/wp-json\/wp\/v2\/media?parent=443"}],"wp:term":[{"taxonomy":"product_brand","embeddable":true,"href":"https:\/\/defolu.net\/ikinciel\/wp-json\/wp\/v2\/product_brand?post=443"},{"taxonomy":"product_cat","embeddable":true,"href":"https:\/\/defolu.net\/ikinciel\/wp-json\/wp\/v2\/product_cat?post=443"},{"taxonomy":"product_tag","embeddable":true,"href":"https:\/\/defolu.net\/ikinciel\/wp-json\/wp\/v2\/product_tag?post=443"}],"curies":[{"name":"wp","href":"https:\/\/api.w.org\/{rel}","templated":true}]}}