{"id":427,"date":"2024-08-05T11:39:29","date_gmt":"2024-08-05T08:39:29","guid":{"rendered":"https:\/\/defolu.net\/ikinciel\/?post_type=product&#038;p=427"},"modified":"2024-08-05T11:39:29","modified_gmt":"2024-08-05T08:39:29","slug":"defolu-gardirop-tipi-buzdolabi-garantili-fabrika-cikisli","status":"publish","type":"product","link":"https:\/\/defolu.net\/ikinciel\/urun\/defolu-gardirop-tipi-buzdolabi-garantili-fabrika-cikisli\/","title":{"rendered":"Defolu gard\u0131rop tipi buzdolab\u0131 garantili fabrika \u00e7\u0131k\u0131\u015fl\u0131"},"content":{"rendered":"<p><img loading=\"lazy\" decoding=\"async\" class=\"aligncenter size-full wp-image-428\" src=\"https:\/\/defolu.net\/ikinciel\/wp-content\/uploads\/2024\/08\/Defolu-gardirop-tipi-buzdolabi-1.png\" alt=\"\" width=\"659\" height=\"632\" title=\"\" srcset=\"https:\/\/defolu.net\/ikinciel\/wp-content\/uploads\/2024\/08\/Defolu-gardirop-tipi-buzdolabi-1.png 659w, https:\/\/defolu.net\/ikinciel\/wp-content\/uploads\/2024\/08\/Defolu-gardirop-tipi-buzdolabi-1-300x288.png 300w, https:\/\/defolu.net\/ikinciel\/wp-content\/uploads\/2024\/08\/Defolu-gardirop-tipi-buzdolabi-1-600x575.png 600w\" sizes=\"auto, (max-width: 659px) 100vw, 659px\" \/><\/p>\n<p><img loading=\"lazy\" decoding=\"async\" class=\"aligncenter size-full wp-image-429\" src=\"https:\/\/defolu.net\/ikinciel\/wp-content\/uploads\/2024\/08\/Defolu-gardirop-tipi-buzdolabi-2.png\" alt=\"\" width=\"630\" height=\"632\" title=\"\" srcset=\"https:\/\/defolu.net\/ikinciel\/wp-content\/uploads\/2024\/08\/Defolu-gardirop-tipi-buzdolabi-2.png 630w, https:\/\/defolu.net\/ikinciel\/wp-content\/uploads\/2024\/08\/Defolu-gardirop-tipi-buzdolabi-2-300x300.png 300w, https:\/\/defolu.net\/ikinciel\/wp-content\/uploads\/2024\/08\/Defolu-gardirop-tipi-buzdolabi-2-150x150.png 150w, https:\/\/defolu.net\/ikinciel\/wp-content\/uploads\/2024\/08\/Defolu-gardirop-tipi-buzdolabi-2-600x602.png 600w, https:\/\/defolu.net\/ikinciel\/wp-content\/uploads\/2024\/08\/Defolu-gardirop-tipi-buzdolabi-2-100x100.png 100w\" sizes=\"auto, (max-width: 630px) 100vw, 630px\" \/><\/p>\n<p><img loading=\"lazy\" decoding=\"async\" class=\"aligncenter size-full wp-image-430\" src=\"https:\/\/defolu.net\/ikinciel\/wp-content\/uploads\/2024\/08\/Defolu-gardirop-tipi-buzdolabi-3.png\" alt=\"\" width=\"796\" height=\"629\" title=\"\" srcset=\"https:\/\/defolu.net\/ikinciel\/wp-content\/uploads\/2024\/08\/Defolu-gardirop-tipi-buzdolabi-3.png 796w, https:\/\/defolu.net\/ikinciel\/wp-content\/uploads\/2024\/08\/Defolu-gardirop-tipi-buzdolabi-3-300x237.png 300w, https:\/\/defolu.net\/ikinciel\/wp-content\/uploads\/2024\/08\/Defolu-gardirop-tipi-buzdolabi-3-768x607.png 768w, https:\/\/defolu.net\/ikinciel\/wp-content\/uploads\/2024\/08\/Defolu-gardirop-tipi-buzdolabi-3-600x474.png 600w\" sizes=\"auto, (max-width: 796px) 100vw, 796px\" \/><\/p>\n","protected":false},"excerpt":{"rendered":"<p>Defolu gard\u0131rop tipi buzdolab\u0131 Frost Free Teknolojili Gard\u0131rop Tipi Buzdolab\u0131 Fiyatlar\u0131 \u00b7 Bosch KFN96VPEA Gard\u0131rop Tipi No Frost Buzdolab\u0131 \u00b7 Ar\u00e7elik 376478 EI Gard\u0131rop Tipi No Frost Buzdolab\u0131  Vestel Buzdolab\u0131 Modelleri ile Kokular Birbirine Kar\u0131\u015fmaz! Vestel Taze Hava Teknolojisi ile Sebze ve Meyveleriniz Daha Taze! Rekortmen.<\/p>\n","protected":false},"featured_media":430,"template":"","meta":[],"product_brand":[],"product_cat":[31],"product_tag":[33],"class_list":{"0":"post-427","1":"product","2":"type-product","3":"status-publish","4":"has-post-thumbnail","6":"product_cat-defolu-esya","7":"product_tag-defolu-buzdolabi","9":"first","10":"instock","11":"sale","12":"shipping-taxable","13":"purchasable","14":"product-type-simple"},"_links":{"self":[{"href":"https:\/\/defolu.net\/ikinciel\/wp-json\/wp\/v2\/product\/427","targetHints":{"allow":["GET"]}}],"collection":[{"href":"https:\/\/defolu.net\/ikinciel\/wp-json\/wp\/v2\/product"}],"about":[{"href":"https:\/\/defolu.net\/ikinciel\/wp-json\/wp\/v2\/types\/product"}],"wp:featuredmedia":[{"embeddable":true,"href":"https:\/\/defolu.net\/ikinciel\/wp-json\/wp\/v2\/media\/430"}],"wp:attachment":[{"href":"https:\/\/defolu.net\/ikinciel\/wp-json\/wp\/v2\/media?parent=427"}],"wp:term":[{"taxonomy":"product_brand","embeddable":true,"href":"https:\/\/defolu.net\/ikinciel\/wp-json\/wp\/v2\/product_brand?post=427"},{"taxonomy":"product_cat","embeddable":true,"href":"https:\/\/defolu.net\/ikinciel\/wp-json\/wp\/v2\/product_cat?post=427"},{"taxonomy":"product_tag","embeddable":true,"href":"https:\/\/defolu.net\/ikinciel\/wp-json\/wp\/v2\/product_tag?post=427"}],"curies":[{"name":"wp","href":"https:\/\/api.w.org\/{rel}","templated":true}]}}