{"id":423,"date":"2024-08-05T11:35:55","date_gmt":"2024-08-05T08:35:55","guid":{"rendered":"https:\/\/defolu.net\/ikinciel\/?post_type=product&#038;p=423"},"modified":"2024-08-05T11:35:55","modified_gmt":"2024-08-05T08:35:55","slug":"defolu-dokum-granit-tencere-seti-defolu-tencere-300-tl","status":"publish","type":"product","link":"https:\/\/defolu.net\/ikinciel\/urun\/defolu-dokum-granit-tencere-seti-defolu-tencere-300-tl\/","title":{"rendered":"Defolu d\u00f6k\u00fcm granit tencere seti defolu tencere 300 TL"},"content":{"rendered":"<p><img loading=\"lazy\" decoding=\"async\" src=\"https:\/\/defolu.net\/ikinciel\/wp-content\/uploads\/2024\/08\/Defolu-dokum-granit-tencere-seti-3.png\" alt=\"\" width=\"942\" height=\"628\" class=\"aligncenter size-full wp-image-424\" title=\"\" srcset=\"https:\/\/defolu.net\/ikinciel\/wp-content\/uploads\/2024\/08\/Defolu-dokum-granit-tencere-seti-3.png 942w, https:\/\/defolu.net\/ikinciel\/wp-content\/uploads\/2024\/08\/Defolu-dokum-granit-tencere-seti-3-300x200.png 300w, https:\/\/defolu.net\/ikinciel\/wp-content\/uploads\/2024\/08\/Defolu-dokum-granit-tencere-seti-3-768x512.png 768w, https:\/\/defolu.net\/ikinciel\/wp-content\/uploads\/2024\/08\/Defolu-dokum-granit-tencere-seti-3-600x400.png 600w\" sizes=\"auto, (max-width: 942px) 100vw, 942px\" \/><\/p>\n<p><img loading=\"lazy\" decoding=\"async\" src=\"https:\/\/defolu.net\/ikinciel\/wp-content\/uploads\/2024\/08\/Defolu-dokum-granit-tencere-seti-1.png\" alt=\"\" width=\"953\" height=\"625\" class=\"aligncenter size-full wp-image-425\" title=\"\" srcset=\"https:\/\/defolu.net\/ikinciel\/wp-content\/uploads\/2024\/08\/Defolu-dokum-granit-tencere-seti-1.png 953w, https:\/\/defolu.net\/ikinciel\/wp-content\/uploads\/2024\/08\/Defolu-dokum-granit-tencere-seti-1-300x197.png 300w, https:\/\/defolu.net\/ikinciel\/wp-content\/uploads\/2024\/08\/Defolu-dokum-granit-tencere-seti-1-768x504.png 768w, https:\/\/defolu.net\/ikinciel\/wp-content\/uploads\/2024\/08\/Defolu-dokum-granit-tencere-seti-1-600x393.png 600w\" sizes=\"auto, (max-width: 953px) 100vw, 953px\" \/><\/p>\n<p><img loading=\"lazy\" decoding=\"async\" src=\"https:\/\/defolu.net\/ikinciel\/wp-content\/uploads\/2024\/08\/Defolu-dokum-granit-tencere-seti-2.png\" alt=\"\" width=\"948\" height=\"632\" class=\"aligncenter size-full wp-image-426\" title=\"\" srcset=\"https:\/\/defolu.net\/ikinciel\/wp-content\/uploads\/2024\/08\/Defolu-dokum-granit-tencere-seti-2.png 948w, https:\/\/defolu.net\/ikinciel\/wp-content\/uploads\/2024\/08\/Defolu-dokum-granit-tencere-seti-2-300x200.png 300w, https:\/\/defolu.net\/ikinciel\/wp-content\/uploads\/2024\/08\/Defolu-dokum-granit-tencere-seti-2-768x512.png 768w, https:\/\/defolu.net\/ikinciel\/wp-content\/uploads\/2024\/08\/Defolu-dokum-granit-tencere-seti-2-600x400.png 600w\" sizes=\"auto, (max-width: 948px) 100vw, 948px\" \/><\/p>\n","protected":false},"excerpt":{"rendered":"<p>Defolu d\u00f6k\u00fcm granit tencere seti  defolu \u00e7elik tencere, D\u00f6k\u00fcm Granit Setler \u00b7 \u00c7elik Setler \u00b7 Defolu \u00fcr\u00fcnler \u00b7 Defolu \u00c7elik Tak\u0131mlar  tava, granit tencere, pilavl\u0131k tencere, d\u00f6k\u00fcm &#8230; Defolu d\u00f6k\u00fcm granit tava seti<\/p>\n","protected":false},"featured_media":425,"template":"","meta":[],"product_brand":[],"product_cat":[31],"product_tag":[],"class_list":{"0":"post-423","1":"product","2":"type-product","3":"status-publish","4":"has-post-thumbnail","6":"product_cat-defolu-esya","8":"first","9":"instock","10":"sale","11":"shipping-taxable","12":"purchasable","13":"product-type-simple"},"_links":{"self":[{"href":"https:\/\/defolu.net\/ikinciel\/wp-json\/wp\/v2\/product\/423","targetHints":{"allow":["GET"]}}],"collection":[{"href":"https:\/\/defolu.net\/ikinciel\/wp-json\/wp\/v2\/product"}],"about":[{"href":"https:\/\/defolu.net\/ikinciel\/wp-json\/wp\/v2\/types\/product"}],"wp:featuredmedia":[{"embeddable":true,"href":"https:\/\/defolu.net\/ikinciel\/wp-json\/wp\/v2\/media\/425"}],"wp:attachment":[{"href":"https:\/\/defolu.net\/ikinciel\/wp-json\/wp\/v2\/media?parent=423"}],"wp:term":[{"taxonomy":"product_brand","embeddable":true,"href":"https:\/\/defolu.net\/ikinciel\/wp-json\/wp\/v2\/product_brand?post=423"},{"taxonomy":"product_cat","embeddable":true,"href":"https:\/\/defolu.net\/ikinciel\/wp-json\/wp\/v2\/product_cat?post=423"},{"taxonomy":"product_tag","embeddable":true,"href":"https:\/\/defolu.net\/ikinciel\/wp-json\/wp\/v2\/product_tag?post=423"}],"curies":[{"name":"wp","href":"https:\/\/api.w.org\/{rel}","templated":true}]}}