{"id":377,"date":"2024-08-03T13:37:03","date_gmt":"2024-08-03T13:37:03","guid":{"rendered":"https:\/\/defolu.net\/ikinciel\/?page_id=377"},"modified":"2024-08-03T13:37:03","modified_gmt":"2024-08-03T13:37:03","slug":"iletisim","status":"publish","type":"page","link":"https:\/\/defolu.net\/ikinciel\/iletisim\/","title":{"rendered":"ileti\u015fim"},"content":{"rendered":"<p><img loading=\"lazy\" decoding=\"async\" class=\"aligncenter wp-image-378 size-full\" src=\"https:\/\/defolu.net\/ikinciel\/wp-content\/uploads\/2024\/08\/iletisim1.jpg\" alt=\"\" width=\"800\" height=\"500\" title=\"\" srcset=\"https:\/\/defolu.net\/ikinciel\/wp-content\/uploads\/2024\/08\/iletisim1.jpg 800w, https:\/\/defolu.net\/ikinciel\/wp-content\/uploads\/2024\/08\/iletisim1-300x188.jpg 300w, https:\/\/defolu.net\/ikinciel\/wp-content\/uploads\/2024\/08\/iletisim1-768x480.jpg 768w, https:\/\/defolu.net\/ikinciel\/wp-content\/uploads\/2024\/08\/iletisim1-600x375.jpg 600w\" sizes=\"auto, (max-width: 800px) 100vw, 800px\" \/><\/p>\n<div class=\"woocommerce columns-4 \"><ul class=\"products columns-4\">\n<li class=\"product type-product post-532 status-publish first instock product_cat-ikinci-el-esya has-post-thumbnail sale shipping-taxable purchasable product-type-simple\">\n\t<a href=\"https:\/\/defolu.net\/ikinciel\/urun\/150140-pvc-pencere-fiyatlari-12-pencere-markasi-icin-online-pencere-fiyati\/\" class=\"woocommerce-LoopProduct-link woocommerce-loop-product__link\">\n\t<span class=\"onsale\">\u0130ndirim!<\/span>\n\t<img loading=\"lazy\" decoding=\"async\" width=\"300\" height=\"300\" src=\"https:\/\/defolu.net\/ikinciel\/wp-content\/uploads\/2025\/07\/150140-pvc-pencere-fiyatlari-300x300.png\" class=\"attachment-woocommerce_thumbnail size-woocommerce_thumbnail\" alt=\"150*140 pvc pencere fiyatlar\u0131 12 Pencere Markas\u0131 \u0130\u00e7in Online Pencere Fiyat\u0131\" srcset=\"https:\/\/defolu.net\/ikinciel\/wp-content\/uploads\/2025\/07\/150140-pvc-pencere-fiyatlari-300x300.png 300w, https:\/\/defolu.net\/ikinciel\/wp-content\/uploads\/2025\/07\/150140-pvc-pencere-fiyatlari-150x150.png 150w, https:\/\/defolu.net\/ikinciel\/wp-content\/uploads\/2025\/07\/150140-pvc-pencere-fiyatlari-100x100.png 100w\" sizes=\"auto, (max-width: 300px) 100vw, 300px\" title=\"\"><h2 class=\"woocommerce-loop-product__title\">150*140 pvc pencere fiyatlar\u0131 12 Pencere Markas\u0131 \u0130\u00e7in Online Pencere Fiyat\u0131<\/h2>\n\t<span class=\"price\"><del aria-hidden=\"true\"><span class=\"woocommerce-Price-amount amount\"><bdi><span class=\"woocommerce-Price-currencySymbol\">&#8378;<\/span>1,500.00<\/bdi><\/span><\/del> <span class=\"screen-reader-text\">Orijinal fiyat: &#8378;1,500.00.<\/span><ins aria-hidden=\"true\"><span class=\"woocommerce-Price-amount amount\"><bdi><span class=\"woocommerce-Price-currencySymbol\">&#8378;<\/span>1,250.00<\/bdi><\/span><\/ins><span class=\"screen-reader-text\">\u015eu andaki fiyat: &#8378;1,250.00.<\/span><\/span>\n<div class=\"archive-product-categories text-center\"><a href=\"https:\/\/defolu.net\/ikinciel\/urun-kategori\/ikinci-el-esya\/\" rel=\"tag\">ikinci el e\u015fya<\/a><\/div><\/a><a href=\"\/ikinciel\/wp-json\/wp\/v2\/pages\/377?add-to-cart=532\" aria-describedby=\"woocommerce_loop_add_to_cart_link_describedby_532\" data-quantity=\"1\" class=\"button product_type_simple add_to_cart_button ajax_add_to_cart\" data-product_id=\"532\" data-product_sku=\"\" aria-label=\"Sepete ekle: \u201c150*140 pvc pencere fiyatlar\u0131 12 Pencere Markas\u0131 \u0130\u00e7in Online Pencere Fiyat\u0131\u201d\" rel=\"nofollow\" data-success_message=\"&quot;150*140 pvc pencere fiyatlar\u0131 12 Pencere Markas\u0131 \u0130\u00e7in Online Pencere Fiyat\u0131&quot; sepetinize eklendi\" role=\"button\">Sepete Ekle<\/a>\t<span id=\"woocommerce_loop_add_to_cart_link_describedby_532\" class=\"screen-reader-text\">\n\t\t\t<\/span>\n<\/li>\n<li class=\"product type-product post-466 status-publish instock product_cat-ikinci-el-esya has-post-thumbnail sale shipping-taxable purchasable product-type-simple\">\n\t<a href=\"https:\/\/defolu.net\/ikinciel\/urun\/2-el-plazma-metal-kesici-sanayi-makineleri-makine-imalatcilari-ve-alim-satim\/\" class=\"woocommerce-LoopProduct-link woocommerce-loop-product__link\">\n\t<span class=\"onsale\">\u0130ndirim!<\/span>\n\t<img loading=\"lazy\" decoding=\"async\" width=\"300\" height=\"300\" src=\"https:\/\/defolu.net\/ikinciel\/wp-content\/uploads\/2024\/08\/2-el-plazma-metal-kesici-1-300x300.png\" class=\"attachment-woocommerce_thumbnail size-woocommerce_thumbnail\" alt=\"2 el plazma metal kesici sanayi makineleri, makine imalat\u00e7\u0131lar\u0131 ve al\u0131m sat\u0131m\" srcset=\"https:\/\/defolu.net\/ikinciel\/wp-content\/uploads\/2024\/08\/2-el-plazma-metal-kesici-1-300x300.png 300w, https:\/\/defolu.net\/ikinciel\/wp-content\/uploads\/2024\/08\/2-el-plazma-metal-kesici-1-150x150.png 150w, https:\/\/defolu.net\/ikinciel\/wp-content\/uploads\/2024\/08\/2-el-plazma-metal-kesici-1-100x100.png 100w\" sizes=\"auto, (max-width: 300px) 100vw, 300px\" title=\"\"><h2 class=\"woocommerce-loop-product__title\">2 el plazma metal kesici sanayi makineleri, makine imalat\u00e7\u0131lar\u0131 ve al\u0131m sat\u0131m<\/h2>\n\t<span class=\"price\"><del aria-hidden=\"true\"><span class=\"woocommerce-Price-amount amount\"><bdi><span class=\"woocommerce-Price-currencySymbol\">&#8378;<\/span>3,500.00<\/bdi><\/span><\/del> <span class=\"screen-reader-text\">Orijinal fiyat: &#8378;3,500.00.<\/span><ins aria-hidden=\"true\"><span class=\"woocommerce-Price-amount amount\"><bdi><span class=\"woocommerce-Price-currencySymbol\">&#8378;<\/span>2,500.00<\/bdi><\/span><\/ins><span class=\"screen-reader-text\">\u015eu andaki fiyat: &#8378;2,500.00.<\/span><\/span>\n<div class=\"archive-product-categories text-center\"><a href=\"https:\/\/defolu.net\/ikinciel\/urun-kategori\/ikinci-el-esya\/\" rel=\"tag\">ikinci el e\u015fya<\/a><\/div><\/a><a href=\"\/ikinciel\/wp-json\/wp\/v2\/pages\/377?add-to-cart=466\" aria-describedby=\"woocommerce_loop_add_to_cart_link_describedby_466\" data-quantity=\"1\" class=\"button product_type_simple add_to_cart_button ajax_add_to_cart\" data-product_id=\"466\" data-product_sku=\"\" aria-label=\"Sepete ekle: \u201c2 el plazma metal kesici sanayi makineleri, makine imalat\u00e7\u0131lar\u0131 ve al\u0131m sat\u0131m\u201d\" rel=\"nofollow\" data-success_message=\"&quot;2 el plazma metal kesici sanayi makineleri, makine imalat\u00e7\u0131lar\u0131 ve al\u0131m sat\u0131m&quot; sepetinize eklendi\" role=\"button\">Sepete Ekle<\/a>\t<span id=\"woocommerce_loop_add_to_cart_link_describedby_466\" class=\"screen-reader-text\">\n\t\t\t<\/span>\n<\/li>\n<li class=\"product type-product post-536 status-publish instock product_cat-ikinci-el-esya has-post-thumbnail sale shipping-taxable purchasable product-type-simple\">\n\t<a href=\"https:\/\/defolu.net\/ikinciel\/urun\/2-el-mdf-karyola-tek-ve-cift-kisilik-yatak-uyumlu-kolay-kurulum\/\" class=\"woocommerce-LoopProduct-link woocommerce-loop-product__link\">\n\t<span class=\"onsale\">\u0130ndirim!<\/span>\n\t<img loading=\"lazy\" decoding=\"async\" width=\"300\" height=\"300\" src=\"https:\/\/defolu.net\/ikinciel\/wp-content\/uploads\/2025\/08\/2.El-Mdf-Karyola-2-300x300.png\" class=\"attachment-woocommerce_thumbnail size-woocommerce_thumbnail\" alt=\"2.El Mdf Karyola Tek Ve \u00c7ift Ki\u015filik Yatak Uyumlu, Kolay Kurulum\" srcset=\"https:\/\/defolu.net\/ikinciel\/wp-content\/uploads\/2025\/08\/2.El-Mdf-Karyola-2-300x300.png 300w, https:\/\/defolu.net\/ikinciel\/wp-content\/uploads\/2025\/08\/2.El-Mdf-Karyola-2-150x150.png 150w, https:\/\/defolu.net\/ikinciel\/wp-content\/uploads\/2025\/08\/2.El-Mdf-Karyola-2-100x100.png 100w\" sizes=\"auto, (max-width: 300px) 100vw, 300px\" title=\"\"><h2 class=\"woocommerce-loop-product__title\">2.El Mdf Karyola Tek Ve \u00c7ift Ki\u015filik Yatak Uyumlu, Kolay Kurulum<\/h2>\n\t<span class=\"price\"><del aria-hidden=\"true\"><span class=\"woocommerce-Price-amount amount\"><bdi><span class=\"woocommerce-Price-currencySymbol\">&#8378;<\/span>3,500.00<\/bdi><\/span><\/del> <span class=\"screen-reader-text\">Orijinal fiyat: &#8378;3,500.00.<\/span><ins aria-hidden=\"true\"><span class=\"woocommerce-Price-amount amount\"><bdi><span class=\"woocommerce-Price-currencySymbol\">&#8378;<\/span>3,000.00<\/bdi><\/span><\/ins><span class=\"screen-reader-text\">\u015eu andaki fiyat: &#8378;3,000.00.<\/span><\/span>\n<div class=\"archive-product-categories text-center\"><a href=\"https:\/\/defolu.net\/ikinciel\/urun-kategori\/ikinci-el-esya\/\" rel=\"tag\">ikinci el e\u015fya<\/a><\/div><\/a><a href=\"\/ikinciel\/wp-json\/wp\/v2\/pages\/377?add-to-cart=536\" aria-describedby=\"woocommerce_loop_add_to_cart_link_describedby_536\" data-quantity=\"1\" class=\"button product_type_simple add_to_cart_button ajax_add_to_cart\" data-product_id=\"536\" data-product_sku=\"\" aria-label=\"Sepete ekle: \u201c2.El Mdf Karyola Tek Ve \u00c7ift Ki\u015filik Yatak Uyumlu, Kolay Kurulum\u201d\" rel=\"nofollow\" data-success_message=\"&quot;2.El Mdf Karyola Tek Ve \u00c7ift Ki\u015filik Yatak Uyumlu, Kolay Kurulum&quot; sepetinize eklendi\" role=\"button\">Sepete Ekle<\/a>\t<span id=\"woocommerce_loop_add_to_cart_link_describedby_536\" class=\"screen-reader-text\">\n\t\t\t<\/span>\n<\/li>\n<li class=\"product type-product post-548 status-publish last instock product_cat-ikinci-el-esya has-post-thumbnail sale shipping-taxable purchasable product-type-simple\">\n\t<a href=\"https:\/\/defolu.net\/ikinciel\/urun\/2-el-snowboard-ve-kayak-platformuna-kayak-tahtasi-modelleri-like-new-rossignol-experience-76-skis-look-bindings-kayak-takimi\/\" class=\"woocommerce-LoopProduct-link woocommerce-loop-product__link\">\n\t<span class=\"onsale\">\u0130ndirim!<\/span>\n\t<img loading=\"lazy\" decoding=\"async\" width=\"300\" height=\"300\" src=\"https:\/\/defolu.net\/ikinciel\/wp-content\/uploads\/2025\/12\/ikinci-el-like-new-Rossignol-Experience-76-skis-Look-bindings-2-300x300.png\" class=\"attachment-woocommerce_thumbnail size-woocommerce_thumbnail\" alt=\"2.El Snowboard ve Kayak platformuna Kayak Tahtas\u0131 Modelleri like new - Rossignol Experience 76 skis + Look bindings kayak tak\u0131m\u0131\" srcset=\"https:\/\/defolu.net\/ikinciel\/wp-content\/uploads\/2025\/12\/ikinci-el-like-new-Rossignol-Experience-76-skis-Look-bindings-2-300x300.png 300w, https:\/\/defolu.net\/ikinciel\/wp-content\/uploads\/2025\/12\/ikinci-el-like-new-Rossignol-Experience-76-skis-Look-bindings-2-150x150.png 150w, https:\/\/defolu.net\/ikinciel\/wp-content\/uploads\/2025\/12\/ikinci-el-like-new-Rossignol-Experience-76-skis-Look-bindings-2-100x100.png 100w\" sizes=\"auto, (max-width: 300px) 100vw, 300px\" title=\"\"><h2 class=\"woocommerce-loop-product__title\">2.El Snowboard ve Kayak platformuna Kayak Tahtas\u0131 Modelleri like new &#8211; Rossignol Experience 76 skis + Look bindings kayak tak\u0131m\u0131<\/h2>\n\t<span class=\"price\"><del aria-hidden=\"true\"><span class=\"woocommerce-Price-amount amount\"><bdi><span class=\"woocommerce-Price-currencySymbol\">&#8378;<\/span>5,000.00<\/bdi><\/span><\/del> <span class=\"screen-reader-text\">Orijinal fiyat: &#8378;5,000.00.<\/span><ins aria-hidden=\"true\"><span class=\"woocommerce-Price-amount amount\"><bdi><span class=\"woocommerce-Price-currencySymbol\">&#8378;<\/span>4,500.00<\/bdi><\/span><\/ins><span class=\"screen-reader-text\">\u015eu andaki fiyat: &#8378;4,500.00.<\/span><\/span>\n<div class=\"archive-product-categories text-center\"><a href=\"https:\/\/defolu.net\/ikinciel\/urun-kategori\/ikinci-el-esya\/\" rel=\"tag\">ikinci el e\u015fya<\/a><\/div><\/a><a href=\"\/ikinciel\/wp-json\/wp\/v2\/pages\/377?add-to-cart=548\" aria-describedby=\"woocommerce_loop_add_to_cart_link_describedby_548\" data-quantity=\"1\" class=\"button product_type_simple add_to_cart_button ajax_add_to_cart\" data-product_id=\"548\" data-product_sku=\"\" aria-label=\"Sepete ekle: \u201c2.El Snowboard ve Kayak platformuna Kayak Tahtas\u0131 Modelleri like new - Rossignol Experience 76 skis + Look bindings kayak tak\u0131m\u0131\u201d\" rel=\"nofollow\" data-success_message=\"&quot;2.El Snowboard ve Kayak platformuna Kayak Tahtas\u0131 Modelleri like new - Rossignol Experience 76 skis + Look bindings kayak tak\u0131m\u0131&quot; sepetinize eklendi\" role=\"button\">Sepete Ekle<\/a>\t<span id=\"woocommerce_loop_add_to_cart_link_describedby_548\" class=\"screen-reader-text\">\n\t\t\t<\/span>\n<\/li>\n<li class=\"product type-product post-508 status-publish first instock product_cat-ikinci-el-esya has-post-thumbnail sale shipping-taxable purchasable product-type-simple\">\n\t<a href=\"https:\/\/defolu.net\/ikinciel\/urun\/32lik-su-borusu-500-metre-cikma-boru-sifir-ayarinda-sulama-borusu\/\" class=\"woocommerce-LoopProduct-link woocommerce-loop-product__link\">\n\t<span class=\"onsale\">\u0130ndirim!<\/span>\n\t<img loading=\"lazy\" decoding=\"async\" width=\"300\" height=\"300\" src=\"https:\/\/defolu.net\/ikinciel\/wp-content\/uploads\/2024\/10\/sifir-ayarinda-sulama-borusu-1-300x300.png\" class=\"attachment-woocommerce_thumbnail size-woocommerce_thumbnail\" alt=\"32&#039;lik su borusu 500 metre \u00e7\u0131kma boru s\u0131f\u0131r ayar\u0131nda sulama borusu\" srcset=\"https:\/\/defolu.net\/ikinciel\/wp-content\/uploads\/2024\/10\/sifir-ayarinda-sulama-borusu-1-300x300.png 300w, https:\/\/defolu.net\/ikinciel\/wp-content\/uploads\/2024\/10\/sifir-ayarinda-sulama-borusu-1-150x150.png 150w, https:\/\/defolu.net\/ikinciel\/wp-content\/uploads\/2024\/10\/sifir-ayarinda-sulama-borusu-1-100x100.png 100w\" sizes=\"auto, (max-width: 300px) 100vw, 300px\" title=\"\"><h2 class=\"woocommerce-loop-product__title\">32&#8217;lik su borusu 500 metre \u00e7\u0131kma boru s\u0131f\u0131r ayar\u0131nda sulama borusu<\/h2>\n\t<span class=\"price\"><del aria-hidden=\"true\"><span class=\"woocommerce-Price-amount amount\"><bdi><span class=\"woocommerce-Price-currencySymbol\">&#8378;<\/span>2,500.00<\/bdi><\/span><\/del> <span class=\"screen-reader-text\">Orijinal fiyat: &#8378;2,500.00.<\/span><ins aria-hidden=\"true\"><span class=\"woocommerce-Price-amount amount\"><bdi><span class=\"woocommerce-Price-currencySymbol\">&#8378;<\/span>1,000.00<\/bdi><\/span><\/ins><span class=\"screen-reader-text\">\u015eu andaki fiyat: &#8378;1,000.00.<\/span><\/span>\n<div class=\"archive-product-categories text-center\"><a href=\"https:\/\/defolu.net\/ikinciel\/urun-kategori\/ikinci-el-esya\/\" rel=\"tag\">ikinci el e\u015fya<\/a><\/div><\/a><a href=\"\/ikinciel\/wp-json\/wp\/v2\/pages\/377?add-to-cart=508\" aria-describedby=\"woocommerce_loop_add_to_cart_link_describedby_508\" data-quantity=\"1\" class=\"button product_type_simple add_to_cart_button ajax_add_to_cart\" data-product_id=\"508\" data-product_sku=\"\" aria-label=\"Sepete ekle: \u201c32&#039;lik su borusu 500 metre \u00e7\u0131kma boru s\u0131f\u0131r ayar\u0131nda sulama borusu\u201d\" rel=\"nofollow\" data-success_message=\"&quot;32&#039;lik su borusu 500 metre \u00e7\u0131kma boru s\u0131f\u0131r ayar\u0131nda sulama borusu&quot; sepetinize eklendi\" role=\"button\">Sepete Ekle<\/a>\t<span id=\"woocommerce_loop_add_to_cart_link_describedby_508\" class=\"screen-reader-text\">\n\t\t\t<\/span>\n<\/li>\n<li class=\"product type-product post-473 status-publish instock product_cat-defolu-beyaz-esya product_cat-defolu-esya product_tag-defolu-bulasik-makinesi has-post-thumbnail sale shipping-taxable purchasable product-type-simple\">\n\t<a href=\"https:\/\/defolu.net\/ikinciel\/urun\/bulasik-makinesi-defolu-5-program-nakliye-montaj-ucretsiz-saglam-sorunsuz\/\" class=\"woocommerce-LoopProduct-link woocommerce-loop-product__link\">\n\t<span class=\"onsale\">\u0130ndirim!<\/span>\n\t<img loading=\"lazy\" decoding=\"async\" width=\"300\" height=\"300\" src=\"https:\/\/defolu.net\/ikinciel\/wp-content\/uploads\/2024\/08\/Bulasik-makinesi-defolu-5-program-1-300x300.png\" class=\"attachment-woocommerce_thumbnail size-woocommerce_thumbnail\" alt=\"Bula\u015f\u0131k makinesi defolu 5 program nakliye montaj \u00fccretsiz sa\u011flam sorunsuz\" srcset=\"https:\/\/defolu.net\/ikinciel\/wp-content\/uploads\/2024\/08\/Bulasik-makinesi-defolu-5-program-1-300x300.png 300w, https:\/\/defolu.net\/ikinciel\/wp-content\/uploads\/2024\/08\/Bulasik-makinesi-defolu-5-program-1-150x150.png 150w, https:\/\/defolu.net\/ikinciel\/wp-content\/uploads\/2024\/08\/Bulasik-makinesi-defolu-5-program-1-100x100.png 100w\" sizes=\"auto, (max-width: 300px) 100vw, 300px\" title=\"\"><h2 class=\"woocommerce-loop-product__title\">Bula\u015f\u0131k makinesi defolu 5 program nakliye montaj \u00fccretsiz sa\u011flam sorunsuz<\/h2>\n\t<span class=\"price\"><del aria-hidden=\"true\"><span class=\"woocommerce-Price-amount amount\"><bdi><span class=\"woocommerce-Price-currencySymbol\">&#8378;<\/span>5,500.00<\/bdi><\/span><\/del> <span class=\"screen-reader-text\">Orijinal fiyat: &#8378;5,500.00.<\/span><ins aria-hidden=\"true\"><span class=\"woocommerce-Price-amount amount\"><bdi><span class=\"woocommerce-Price-currencySymbol\">&#8378;<\/span>5,000.00<\/bdi><\/span><\/ins><span class=\"screen-reader-text\">\u015eu andaki fiyat: &#8378;5,000.00.<\/span><\/span>\n<div class=\"archive-product-categories text-center\"><a href=\"https:\/\/defolu.net\/ikinciel\/urun-kategori\/defolu-beyaz-esya\/\" rel=\"tag\">defolu beyaz e\u015fya<\/a>,<a href=\"https:\/\/defolu.net\/ikinciel\/urun-kategori\/defolu-esya\/\" rel=\"tag\">defolu e\u015fya<\/a><\/div><\/a><a href=\"\/ikinciel\/wp-json\/wp\/v2\/pages\/377?add-to-cart=473\" aria-describedby=\"woocommerce_loop_add_to_cart_link_describedby_473\" data-quantity=\"1\" class=\"button product_type_simple add_to_cart_button ajax_add_to_cart\" data-product_id=\"473\" data-product_sku=\"\" aria-label=\"Sepete ekle: \u201cBula\u015f\u0131k makinesi defolu 5 program nakliye montaj \u00fccretsiz sa\u011flam sorunsuz\u201d\" rel=\"nofollow\" data-success_message=\"&quot;Bula\u015f\u0131k makinesi defolu 5 program nakliye montaj \u00fccretsiz sa\u011flam sorunsuz&quot; sepetinize eklendi\" role=\"button\">Sepete Ekle<\/a>\t<span id=\"woocommerce_loop_add_to_cart_link_describedby_473\" class=\"screen-reader-text\">\n\t\t\t<\/span>\n<\/li>\n<li class=\"product type-product post-502 status-publish instock product_cat-ikinci-el-esya has-post-thumbnail sale shipping-taxable purchasable product-type-simple\">\n\t<a href=\"https:\/\/defolu.net\/ikinciel\/urun\/cikma-tavan-tipi-park-klimasi-24v-tir-kamyon-karavan-is-makinesi-otobus-minibus\/\" class=\"woocommerce-LoopProduct-link woocommerce-loop-product__link\">\n\t<span class=\"onsale\">\u0130ndirim!<\/span>\n\t<img loading=\"lazy\" decoding=\"async\" width=\"300\" height=\"300\" src=\"https:\/\/defolu.net\/ikinciel\/wp-content\/uploads\/2024\/10\/Tavan-Tipi-Park-Klimasi-24v-Tir-Kamyon-Karavan-Is-Makinesi-Otobus-Minibus-1-300x300.png\" class=\"attachment-woocommerce_thumbnail size-woocommerce_thumbnail\" alt=\"\u00c7\u0131kma Tavan Tipi Park Klimas\u0131 24v T\u0131r, Kamyon, Karavan, I\u015f Makinesi, Otob\u00fcs, Minib\u00fcs\" srcset=\"https:\/\/defolu.net\/ikinciel\/wp-content\/uploads\/2024\/10\/Tavan-Tipi-Park-Klimasi-24v-Tir-Kamyon-Karavan-Is-Makinesi-Otobus-Minibus-1-300x300.png 300w, https:\/\/defolu.net\/ikinciel\/wp-content\/uploads\/2024\/10\/Tavan-Tipi-Park-Klimasi-24v-Tir-Kamyon-Karavan-Is-Makinesi-Otobus-Minibus-1-150x150.png 150w, https:\/\/defolu.net\/ikinciel\/wp-content\/uploads\/2024\/10\/Tavan-Tipi-Park-Klimasi-24v-Tir-Kamyon-Karavan-Is-Makinesi-Otobus-Minibus-1-600x598.png 600w, https:\/\/defolu.net\/ikinciel\/wp-content\/uploads\/2024\/10\/Tavan-Tipi-Park-Klimasi-24v-Tir-Kamyon-Karavan-Is-Makinesi-Otobus-Minibus-1-100x100.png 100w, https:\/\/defolu.net\/ikinciel\/wp-content\/uploads\/2024\/10\/Tavan-Tipi-Park-Klimasi-24v-Tir-Kamyon-Karavan-Is-Makinesi-Otobus-Minibus-1.png 632w\" sizes=\"auto, (max-width: 300px) 100vw, 300px\" title=\"\"><h2 class=\"woocommerce-loop-product__title\">\u00c7\u0131kma Tavan Tipi Park Klimas\u0131 24v T\u0131r, Kamyon, Karavan, I\u015f Makinesi, Otob\u00fcs, Minib\u00fcs<\/h2>\n\t<span class=\"price\"><del aria-hidden=\"true\"><span class=\"woocommerce-Price-amount amount\"><bdi><span class=\"woocommerce-Price-currencySymbol\">&#8378;<\/span>20,000.00<\/bdi><\/span><\/del> <span class=\"screen-reader-text\">Orijinal fiyat: &#8378;20,000.00.<\/span><ins aria-hidden=\"true\"><span class=\"woocommerce-Price-amount amount\"><bdi><span class=\"woocommerce-Price-currencySymbol\">&#8378;<\/span>15,000.00<\/bdi><\/span><\/ins><span class=\"screen-reader-text\">\u015eu andaki fiyat: &#8378;15,000.00.<\/span><\/span>\n<div class=\"archive-product-categories text-center\"><a href=\"https:\/\/defolu.net\/ikinciel\/urun-kategori\/ikinci-el-esya\/\" rel=\"tag\">ikinci el e\u015fya<\/a><\/div><\/a><a href=\"\/ikinciel\/wp-json\/wp\/v2\/pages\/377?add-to-cart=502\" aria-describedby=\"woocommerce_loop_add_to_cart_link_describedby_502\" data-quantity=\"1\" class=\"button product_type_simple add_to_cart_button ajax_add_to_cart\" data-product_id=\"502\" data-product_sku=\"\" aria-label=\"Sepete ekle: \u201c\u00c7\u0131kma Tavan Tipi Park Klimas\u0131 24v T\u0131r, Kamyon, Karavan, I\u015f Makinesi, Otob\u00fcs, Minib\u00fcs\u201d\" rel=\"nofollow\" data-success_message=\"&quot;\u00c7\u0131kma Tavan Tipi Park Klimas\u0131 24v T\u0131r, Kamyon, Karavan, I\u015f Makinesi, Otob\u00fcs, Minib\u00fcs&quot; sepetinize eklendi\" role=\"button\">Sepete Ekle<\/a>\t<span id=\"woocommerce_loop_add_to_cart_link_describedby_502\" class=\"screen-reader-text\">\n\t\t\t<\/span>\n<\/li>\n<li class=\"product type-product post-456 status-publish last instock product_cat-ikinci-el-esya has-post-thumbnail sale shipping-taxable purchasable product-type-simple\">\n\t<a href=\"https:\/\/defolu.net\/ikinciel\/urun\/cikma-trapez-sac-satilik-muhtelif-olculerde-trapez-sac-satilik-trapez-sac\/\" class=\"woocommerce-LoopProduct-link woocommerce-loop-product__link\">\n\t<span class=\"onsale\">\u0130ndirim!<\/span>\n\t<img loading=\"lazy\" decoding=\"async\" width=\"300\" height=\"300\" src=\"https:\/\/defolu.net\/ikinciel\/wp-content\/uploads\/2024\/08\/Cikma-trapez-sac-satilik-muhtelif-olculerde-trapez-sac.-satilik-trapez-sac-3-300x300.png\" class=\"attachment-woocommerce_thumbnail size-woocommerce_thumbnail\" alt=\"\u00c7\u0131kma trapez sac; sat\u0131l\u0131k muhtelif \u00f6l\u00e7\u00fclerde trapez sac. sat\u0131l\u0131k trapez sac\" srcset=\"https:\/\/defolu.net\/ikinciel\/wp-content\/uploads\/2024\/08\/Cikma-trapez-sac-satilik-muhtelif-olculerde-trapez-sac.-satilik-trapez-sac-3-300x300.png 300w, https:\/\/defolu.net\/ikinciel\/wp-content\/uploads\/2024\/08\/Cikma-trapez-sac-satilik-muhtelif-olculerde-trapez-sac.-satilik-trapez-sac-3-150x150.png 150w, https:\/\/defolu.net\/ikinciel\/wp-content\/uploads\/2024\/08\/Cikma-trapez-sac-satilik-muhtelif-olculerde-trapez-sac.-satilik-trapez-sac-3-100x100.png 100w\" sizes=\"auto, (max-width: 300px) 100vw, 300px\" title=\"\"><h2 class=\"woocommerce-loop-product__title\">\u00c7\u0131kma trapez sac; sat\u0131l\u0131k muhtelif \u00f6l\u00e7\u00fclerde trapez sac. sat\u0131l\u0131k trapez sac<\/h2>\n\t<span class=\"price\"><del aria-hidden=\"true\"><span class=\"woocommerce-Price-amount amount\"><bdi><span class=\"woocommerce-Price-currencySymbol\">&#8378;<\/span>250.00<\/bdi><\/span><\/del> <span class=\"screen-reader-text\">Orijinal fiyat: &#8378;250.00.<\/span><ins aria-hidden=\"true\"><span class=\"woocommerce-Price-amount amount\"><bdi><span class=\"woocommerce-Price-currencySymbol\">&#8378;<\/span>150.00<\/bdi><\/span><\/ins><span class=\"screen-reader-text\">\u015eu andaki fiyat: &#8378;150.00.<\/span><\/span>\n<div class=\"archive-product-categories text-center\"><a href=\"https:\/\/defolu.net\/ikinciel\/urun-kategori\/ikinci-el-esya\/\" rel=\"tag\">ikinci el e\u015fya<\/a><\/div><\/a><a href=\"\/ikinciel\/wp-json\/wp\/v2\/pages\/377?add-to-cart=456\" aria-describedby=\"woocommerce_loop_add_to_cart_link_describedby_456\" data-quantity=\"1\" class=\"button product_type_simple add_to_cart_button ajax_add_to_cart\" data-product_id=\"456\" data-product_sku=\"\" aria-label=\"Sepete ekle: \u201c\u00c7\u0131kma trapez sac; sat\u0131l\u0131k muhtelif \u00f6l\u00e7\u00fclerde trapez sac. sat\u0131l\u0131k trapez sac\u201d\" rel=\"nofollow\" data-success_message=\"&quot;\u00c7\u0131kma trapez sac; sat\u0131l\u0131k muhtelif \u00f6l\u00e7\u00fclerde trapez sac. sat\u0131l\u0131k trapez sac&quot; sepetinize eklendi\" role=\"button\">Sepete Ekle<\/a>\t<span id=\"woocommerce_loop_add_to_cart_link_describedby_456\" class=\"screen-reader-text\">\n\t\t\t<\/span>\n<\/li>\n<\/ul>\n<\/div>\n","protected":false},"excerpt":{"rendered":"","protected":false},"author":1,"featured_media":375,"parent":0,"menu_order":0,"comment_status":"closed","ping_status":"closed","template":"","meta":{"footnotes":""},"class_list":["post-377","page","type-page","status-publish","has-post-thumbnail","hentry"],"_links":{"self":[{"href":"https:\/\/defolu.net\/ikinciel\/wp-json\/wp\/v2\/pages\/377","targetHints":{"allow":["GET"]}}],"collection":[{"href":"https:\/\/defolu.net\/ikinciel\/wp-json\/wp\/v2\/pages"}],"about":[{"href":"https:\/\/defolu.net\/ikinciel\/wp-json\/wp\/v2\/types\/page"}],"author":[{"embeddable":true,"href":"https:\/\/defolu.net\/ikinciel\/wp-json\/wp\/v2\/users\/1"}],"replies":[{"embeddable":true,"href":"https:\/\/defolu.net\/ikinciel\/wp-json\/wp\/v2\/comments?post=377"}],"version-history":[{"count":1,"href":"https:\/\/defolu.net\/ikinciel\/wp-json\/wp\/v2\/pages\/377\/revisions"}],"predecessor-version":[{"id":379,"href":"https:\/\/defolu.net\/ikinciel\/wp-json\/wp\/v2\/pages\/377\/revisions\/379"}],"wp:featuredmedia":[{"embeddable":true,"href":"https:\/\/defolu.net\/ikinciel\/wp-json\/wp\/v2\/media\/375"}],"wp:attachment":[{"href":"https:\/\/defolu.net\/ikinciel\/wp-json\/wp\/v2\/media?parent=377"}],"curies":[{"name":"wp","href":"https:\/\/api.w.org\/{rel}","templated":true}]}}